{"id":1581,"date":"2020-05-21T15:09:35","date_gmt":"2020-05-21T12:09:35","guid":{"rendered":"https:\/\/derbyboya.com\/?post_type=product&#038;p=1581"},"modified":"2020-08-11T22:14:46","modified_gmt":"2020-08-11T19:14:46","slug":"deri-sertlestirici","status":"publish","type":"product","link":"https:\/\/derbyboya.com\/en\/product\/deri-sertlestirici\/","title":{"rendered":"Leather Hardener"},"content":{"rendered":"<h4>Product Features<\/h4>\n<p>Product Code : DS \u2013 1<\/p>\n<p>It is applied on the suede side of the leather with a brush or a roller brush. It is an odorless, water-based product. It is recommended to dry it in hot air.<\/p>\n<h4>Colors<\/h4>\n<p>Ask for the colors.<\/p>\n<p><a style=\"color: #437310; text-decoration: underline;\" href=\"https:\/\/derbyboya.com\/wp-content\/uploads\/2020\/03\/kartela.jpg\">Click to see the color chart<\/a><\/p>\n<p>&nbsp;<\/p>\n<p><a class=\"btn btn_transparent\" style=\"color: #437310; border: 2px solid #437310;\" href=\"https:\/\/derbyboya.com\/en\/contacts\/\">Click for detailed information<\/a>\u00a0 \u00a0 \u00a0<a class=\"btn btn_transparent\" style=\"color: #437310; border: 2px solid #437310;\" href=\"#\">Download MSDS<\/a>\u00a0 \u00a0\u00a0\u00a0<a class=\"btn btn_transparent\" style=\"color: #437310; border: 2px solid #437310;\" href=\"#\">Download TDS<\/a><\/p>","protected":false},"excerpt":{"rendered":"<p>\u00dcr\u00fcn \u00d6zellikleri \u00dcr\u00fcn Kodu : DS \u2013 1 Derinin s\u00fcet taraf\u0131na f\u0131r\u00e7a ya da rulo ile uygulan\u0131r. Su&#8230;<\/p>","protected":false},"featured_media":1702,"template":"","meta":[],"product_cat":[34],"product_tag":[],"stm_brands":[],"_links":{"self":[{"href":"https:\/\/derbyboya.com\/en\/wp-json\/wp\/v2\/product\/1581"}],"collection":[{"href":"https:\/\/derbyboya.com\/en\/wp-json\/wp\/v2\/product"}],"about":[{"href":"https:\/\/derbyboya.com\/en\/wp-json\/wp\/v2\/types\/product"}],"wp:featuredmedia":[{"embeddable":true,"href":"https:\/\/derbyboya.com\/en\/wp-json\/wp\/v2\/media\/1702"}],"wp:attachment":[{"href":"https:\/\/derbyboya.com\/en\/wp-json\/wp\/v2\/media?parent=1581"}],"wp:term":[{"taxonomy":"product_cat","embeddable":true,"href":"https:\/\/derbyboya.com\/en\/wp-json\/wp\/v2\/product_cat?post=1581"},{"taxonomy":"product_tag","embeddable":true,"href":"https:\/\/derbyboya.com\/en\/wp-json\/wp\/v2\/product_tag?post=1581"},{"taxonomy":"stm_brands","embeddable":true,"href":"https:\/\/derbyboya.com\/en\/wp-json\/wp\/v2\/stm_brands?post=1581"}],"curies":[{"name":"wp","href":"https:\/\/api.w.org\/{rel}","templated":true}]}}