{"id":1586,"date":"2020-05-21T15:29:25","date_gmt":"2020-05-21T12:29:25","guid":{"rendered":"https:\/\/derbyboya.com\/?post_type=product&#038;p=1586"},"modified":"2020-08-11T19:30:39","modified_gmt":"2020-08-11T16:30:39","slug":"efekt-kremi","status":"publish","type":"product","link":"https:\/\/derbyboya.com\/en\/product\/efekt-kremi\/","title":{"rendered":"Effect Cream"},"content":{"rendered":"<h4>Product Features<\/h4>\n<p>Product Code : DP Series<\/p>\n<p>It is a product which provides color toning and effect on crust and finished leathers.<\/p>\n<h4>Colors<\/h4>\n<p>DP \u2013 1110 \t\tBlack<\/p>\n<p>DP \u2013 1120\t\tBrown<\/p>\n<p>DP \u2013 1125 \t\tDark Brown<\/p>\n<p>DP \u2013 1130 \t\tTan<\/p>\n<p>DP \u2013 1150 \t\tNavy Blue<\/p>\n<p><a style=\"color: #437310; text-decoration: underline;\" href=\"https:\/\/derbyboya.com\/wp-content\/uploads\/2020\/03\/kartela.jpg\">Click to see the color chart<\/a><\/p>\n<p>&nbsp;<\/p>\n<p><a class=\"btn btn_transparent\" style=\"color: #437310; border: 2px solid #437310;\" href=\"https:\/\/derbyboya.com\/en\/contacts\/\">Click for detailed information<\/a>\u00a0 \u00a0 \u00a0<a class=\"btn btn_transparent\" style=\"color: #437310; border: 2px solid #437310;\" href=\"#\">Download MSDS<\/a>\u00a0 \u00a0\u00a0\u00a0<a class=\"btn btn_transparent\" style=\"color: #437310; border: 2px solid #437310;\" href=\"#\">Download TDS<\/a><\/p>","protected":false},"excerpt":{"rendered":"<p>\u00dcr\u00fcn \u00d6zellikleri \u00dcr\u00fcn Kodu : DP Serisi Krast ve finisajl\u0131 derilerde renk tonlamalar\u0131 ve efekt yapmay\u0131 sa\u011flar. Renkler&#8230;<\/p>","protected":false},"featured_media":1582,"template":"","meta":[],"product_cat":[34],"product_tag":[],"stm_brands":[],"_links":{"self":[{"href":"https:\/\/derbyboya.com\/en\/wp-json\/wp\/v2\/product\/1586"}],"collection":[{"href":"https:\/\/derbyboya.com\/en\/wp-json\/wp\/v2\/product"}],"about":[{"href":"https:\/\/derbyboya.com\/en\/wp-json\/wp\/v2\/types\/product"}],"wp:featuredmedia":[{"embeddable":true,"href":"https:\/\/derbyboya.com\/en\/wp-json\/wp\/v2\/media\/1582"}],"wp:attachment":[{"href":"https:\/\/derbyboya.com\/en\/wp-json\/wp\/v2\/media?parent=1586"}],"wp:term":[{"taxonomy":"product_cat","embeddable":true,"href":"https:\/\/derbyboya.com\/en\/wp-json\/wp\/v2\/product_cat?post=1586"},{"taxonomy":"product_tag","embeddable":true,"href":"https:\/\/derbyboya.com\/en\/wp-json\/wp\/v2\/product_tag?post=1586"},{"taxonomy":"stm_brands","embeddable":true,"href":"https:\/\/derbyboya.com\/en\/wp-json\/wp\/v2\/stm_brands?post=1586"}],"curies":[{"name":"wp","href":"https:\/\/api.w.org\/{rel}","templated":true}]}}