{"id":1587,"date":"2020-05-21T15:30:40","date_gmt":"2020-05-21T12:30:40","guid":{"rendered":"https:\/\/derbyboya.com\/?post_type=product&#038;p=1587"},"modified":"2020-08-11T22:17:38","modified_gmt":"2020-08-11T19:17:38","slug":"golge-boyasi","status":"publish","type":"product","link":"https:\/\/derbyboya.com\/en\/product\/golge-boyasi\/","title":{"rendered":"Shading Finish"},"content":{"rendered":"<h4>Product Features<\/h4>\n<p>Product Code : GB Series<\/p>\n<p>It is used to apply shade effect to leather jackets, shoes, bags and belts. It is applied with brush or spray gun. Custom colors can be created upon request.<\/p>\n<h4>Colors<\/h4>\n<p>GB 8300\t\tNatural<\/p>\n<p>GB 8310\t\tBlack<\/p>\n<p>GB 8320\t\tBrown<\/p>\n<p>GB 8330\t\tDark Brown<\/p>\n<p>GB 8340\t\tTan<\/p>\n<p>GB 8350\t\tReddish Brown<\/p>\n<p><a style=\"color: #437310; text-decoration: underline;\" href=\"https:\/\/derbyboya.com\/wp-content\/uploads\/2020\/03\/kartela.jpg\">Click to see the color chart<\/a><\/p>\n<p>&nbsp;<\/p>\n<p><a class=\"btn btn_transparent\" style=\"color: #437310; border: 2px solid #437310;\" href=\"https:\/\/derbyboya.com\/en\/contacts\/\">Click for detailed information<\/a>\u00a0 \u00a0 \u00a0<a class=\"btn btn_transparent\" style=\"color: #437310; border: 2px solid #437310;\" href=\"#\">Download MSDS<\/a>\u00a0 \u00a0\u00a0\u00a0<a class=\"btn btn_transparent\" style=\"color: #437310; border: 2px solid #437310;\" href=\"#\">Download TDS<\/a><\/p>","protected":false},"excerpt":{"rendered":"<p>\u00dcr\u00fcn \u00d6zellikleri \u00dcr\u00fcn Kodu : GB Serisi Deri mont, ayakkab\u0131, \u00e7anta ve kemerlere g\u00f6lge efekti uygulamas\u0131nda kullan\u0131l\u0131r. F\u0131r\u00e7a&#8230;<\/p>","protected":false},"featured_media":1706,"template":"","meta":[],"product_cat":[34],"product_tag":[],"stm_brands":[],"_links":{"self":[{"href":"https:\/\/derbyboya.com\/en\/wp-json\/wp\/v2\/product\/1587"}],"collection":[{"href":"https:\/\/derbyboya.com\/en\/wp-json\/wp\/v2\/product"}],"about":[{"href":"https:\/\/derbyboya.com\/en\/wp-json\/wp\/v2\/types\/product"}],"wp:featuredmedia":[{"embeddable":true,"href":"https:\/\/derbyboya.com\/en\/wp-json\/wp\/v2\/media\/1706"}],"wp:attachment":[{"href":"https:\/\/derbyboya.com\/en\/wp-json\/wp\/v2\/media?parent=1587"}],"wp:term":[{"taxonomy":"product_cat","embeddable":true,"href":"https:\/\/derbyboya.com\/en\/wp-json\/wp\/v2\/product_cat?post=1587"},{"taxonomy":"product_tag","embeddable":true,"href":"https:\/\/derbyboya.com\/en\/wp-json\/wp\/v2\/product_tag?post=1587"},{"taxonomy":"stm_brands","embeddable":true,"href":"https:\/\/derbyboya.com\/en\/wp-json\/wp\/v2\/stm_brands?post=1587"}],"curies":[{"name":"wp","href":"https:\/\/api.w.org\/{rel}","templated":true}]}}