{"id":1591,"date":"2020-05-21T15:34:59","date_gmt":"2020-05-21T12:34:59","guid":{"rendered":"https:\/\/derbyboya.com\/?post_type=product&#038;p=1591"},"modified":"2020-08-11T19:31:31","modified_gmt":"2020-08-11T16:31:31","slug":"mat-dolgu-kremi","status":"publish","type":"product","link":"https:\/\/derbyboya.com\/en\/product\/mat-dolgu-kremi\/","title":{"rendered":"Mat Filling Cream"},"content":{"rendered":"<h4>Product Features<\/h4>\n<p>Product Code : MD Series<\/p>\n<p>It is cream which has nourishing and filling particularities on the leather. It is applied with a mold on all types of full grain leather before curing process. It penetrates in the leather by the effect of the heat and fixes the wrinkles and cavities. It protects the leather and the stiches from burning during ironing process. It is polished with a low-speed soft brush. It provides a natural and vivacious appearance. \n*It is used on antique and crust leathers for burning effect without using wax.<\/p>\n<p>*It is used on antique and crust leathers for burning effect without using wax.<\/p>\n<h4>Colors<\/h4>\n<p>MD \u2013 2010\t\tNatural<\/p>\n<p>MD \u2013 2030\t\tBlack<\/p>\n<p>MD \u2013 2040\t\tBrown<\/p>\n<p>MD \u2013 2050 \t\tDark Brown<\/p>\n<p>MD \u2013 2060\t\tTan<\/p>\n<p><a style=\"color: #437310; text-decoration: underline;\" href=\"https:\/\/derbyboya.com\/wp-content\/uploads\/2020\/03\/kartela.jpg\">Click to see the color chart<\/a><\/p>\n<p>&nbsp;<\/p>\n<p><a class=\"btn btn_transparent\" style=\"color: #437310; border: 2px solid #437310;\" href=\"https:\/\/derbyboya.com\/en\/contacts\/\">Click for detailed information<\/a>\u00a0 \u00a0 \u00a0<a class=\"btn btn_transparent\" style=\"color: #437310; border: 2px solid #437310;\" href=\"#\">Download MSDS<\/a>\u00a0 \u00a0\u00a0\u00a0<a class=\"btn btn_transparent\" style=\"color: #437310; border: 2px solid #437310;\" href=\"#\">Download TDS<\/a><\/p>","protected":false},"excerpt":{"rendered":"<p>\u00dcr\u00fcn \u00d6zellikleri \u00dcr\u00fcn Kodu : MD Serisi Deriyi besleme \u00f6zelli\u011fi olan ve ciltte dolgu yapan bir kremdir. T\u00fcm&#8230;<\/p>","protected":false},"featured_media":1582,"template":"","meta":[],"product_cat":[34],"product_tag":[],"stm_brands":[],"_links":{"self":[{"href":"https:\/\/derbyboya.com\/en\/wp-json\/wp\/v2\/product\/1591"}],"collection":[{"href":"https:\/\/derbyboya.com\/en\/wp-json\/wp\/v2\/product"}],"about":[{"href":"https:\/\/derbyboya.com\/en\/wp-json\/wp\/v2\/types\/product"}],"wp:featuredmedia":[{"embeddable":true,"href":"https:\/\/derbyboya.com\/en\/wp-json\/wp\/v2\/media\/1582"}],"wp:attachment":[{"href":"https:\/\/derbyboya.com\/en\/wp-json\/wp\/v2\/media?parent=1591"}],"wp:term":[{"taxonomy":"product_cat","embeddable":true,"href":"https:\/\/derbyboya.com\/en\/wp-json\/wp\/v2\/product_cat?post=1591"},{"taxonomy":"product_tag","embeddable":true,"href":"https:\/\/derbyboya.com\/en\/wp-json\/wp\/v2\/product_tag?post=1591"},{"taxonomy":"stm_brands","embeddable":true,"href":"https:\/\/derbyboya.com\/en\/wp-json\/wp\/v2\/stm_brands?post=1591"}],"curies":[{"name":"wp","href":"https:\/\/api.w.org\/{rel}","templated":true}]}}