{"id":1593,"date":"2020-05-21T15:37:16","date_gmt":"2020-05-21T12:37:16","guid":{"rendered":"https:\/\/derbyboya.com\/?post_type=product&#038;p=1593"},"modified":"2020-08-11T19:32:03","modified_gmt":"2020-08-11T16:32:03","slug":"parlak-krem","status":"publish","type":"product","link":"https:\/\/derbyboya.com\/en\/product\/parlak-krem\/","title":{"rendered":"Shiny Cream"},"content":{"rendered":"<h4>Product Features<\/h4>\n<p>Product Code : OC Series<\/p>\n<p>It is applied with a sponge in a thin layer as final process. After a short-term drying (5-10 min.) it is polished with a low-speed brush and provides a vivacious appearance.<\/p>\n<h4>Colors<\/h4>\n<p>OC &#8211; 5610\u00a0\u00a0\u00a0\u00a0\u00a0\u00a0\u00a0\u00a0\u00a0\u00a0\u00a0\u00a0\u00a0\u00a0\u00a0\u00a0\u00a0\u00a0\u00a0 Natural<\/p>\n<p>OC - 5630\t\tBlack<\/p>\n<p>OC - 5640\t\tBrown<\/p>\n<p>OC - 5650\t\tDark Brown<\/p>\n<p>OC - 5660\t\tTan<\/p>\n<p><a style=\"color: #437310; text-decoration: underline;\" href=\"https:\/\/derbyboya.com\/wp-content\/uploads\/2020\/03\/kartela.jpg\">Click to see the color chart<\/a><\/p>\n<p>&nbsp;<\/p>\n<p><a class=\"btn btn_transparent\" style=\"color: #437310; border: 2px solid #437310;\" href=\"https:\/\/derbyboya.com\/en\/contacts\/\">Click for detailed information<\/a>\u00a0 \u00a0 \u00a0<a class=\"btn btn_transparent\" style=\"color: #437310; border: 2px solid #437310;\" href=\"#\">Download MSDS<\/a>\u00a0 \u00a0\u00a0\u00a0<a class=\"btn btn_transparent\" style=\"color: #437310; border: 2px solid #437310;\" href=\"#\">Download TDS<\/a><\/p>","protected":false},"excerpt":{"rendered":"<p>\u00dcr\u00fcn \u00d6zellikleri \u00dcr\u00fcn Kodu : OC Serisi Son i\u015flem olarak ince bir tabaka halinde s\u00fcngerle s\u00fcr\u00fcl\u00fcr. K\u0131sa s\u00fcreli&#8230;<\/p>","protected":false},"featured_media":1582,"template":"","meta":[],"product_cat":[34],"product_tag":[],"stm_brands":[],"_links":{"self":[{"href":"https:\/\/derbyboya.com\/en\/wp-json\/wp\/v2\/product\/1593"}],"collection":[{"href":"https:\/\/derbyboya.com\/en\/wp-json\/wp\/v2\/product"}],"about":[{"href":"https:\/\/derbyboya.com\/en\/wp-json\/wp\/v2\/types\/product"}],"wp:featuredmedia":[{"embeddable":true,"href":"https:\/\/derbyboya.com\/en\/wp-json\/wp\/v2\/media\/1582"}],"wp:attachment":[{"href":"https:\/\/derbyboya.com\/en\/wp-json\/wp\/v2\/media?parent=1593"}],"wp:term":[{"taxonomy":"product_cat","embeddable":true,"href":"https:\/\/derbyboya.com\/en\/wp-json\/wp\/v2\/product_cat?post=1593"},{"taxonomy":"product_tag","embeddable":true,"href":"https:\/\/derbyboya.com\/en\/wp-json\/wp\/v2\/product_tag?post=1593"},{"taxonomy":"stm_brands","embeddable":true,"href":"https:\/\/derbyboya.com\/en\/wp-json\/wp\/v2\/stm_brands?post=1593"}],"curies":[{"name":"wp","href":"https:\/\/api.w.org\/{rel}","templated":true}]}}