{"id":1594,"date":"2020-05-21T15:38:13","date_gmt":"2020-05-21T12:38:13","guid":{"rendered":"https:\/\/derbyboya.com\/?post_type=product&#038;p=1594"},"modified":"2020-08-11T22:23:50","modified_gmt":"2020-08-11T19:23:50","slug":"pistole-canlandirici","status":"publish","type":"product","link":"https:\/\/derbyboya.com\/en\/product\/pistole-canlandirici\/","title":{"rendered":"Top Coat Polish (solvent based)"},"content":{"rendered":"<h4>Product Features<\/h4>\n<p>Product Code : HC 800 Series<\/p>\n<p>The products of the series are solvent-based, fast drying polishers which can only be applied with spray gun. There are bright and opaque options. It can be used for color leveling of leathers in different shades.<\/p>\n<h4>Colors<\/h4>\n<p>HC 810\u00a0\u00a0\u00a0\u00a0\u00a0\u00a0\u00a0\u00a0\u00a0\u00a0\u00a0\u00a0\u00a0\u00a0\u00a0\u00a0\u00a0\u00a0\u00a0\u00a0\u00a0\u00a0\u00a0 Natural<\/p>\n<p>HC 830\t\t\tBlack<\/p>\n<p>HC 840\t\t\tBrown<\/p>\n<p><a style=\"color: #437310; text-decoration: underline;\" href=\"https:\/\/derbyboya.com\/wp-content\/uploads\/2020\/03\/kartela.jpg\">Click to see the color chart<\/a><\/p>\n<p>&nbsp;<\/p>\n<p><a class=\"btn btn_transparent\" style=\"color: #437310; border: 2px solid #437310;\" href=\"https:\/\/derbyboya.com\/en\/contacts\/\">Click for detailed information<\/a>\u00a0 \u00a0 \u00a0<a class=\"btn btn_transparent\" style=\"color: #437310; border: 2px solid #437310;\" href=\"#\">Download MSDS<\/a>\u00a0 \u00a0\u00a0\u00a0<a class=\"btn btn_transparent\" style=\"color: #437310; border: 2px solid #437310;\" href=\"#\">Download TDS<\/a><\/p>","protected":false},"excerpt":{"rendered":"<p>\u00dcr\u00fcn \u00d6zellikleri \u00dcr\u00fcn Kodu : HC 800 Serisi Sadece boya tabancas\u0131 ile uygulanan, \u00e7abuk kuruyan solvent bazl\u0131 parlat\u0131c\u0131lard\u0131r&#8230;.<\/p>","protected":false},"featured_media":1712,"template":"","meta":[],"product_cat":[34],"product_tag":[],"stm_brands":[],"_links":{"self":[{"href":"https:\/\/derbyboya.com\/en\/wp-json\/wp\/v2\/product\/1594"}],"collection":[{"href":"https:\/\/derbyboya.com\/en\/wp-json\/wp\/v2\/product"}],"about":[{"href":"https:\/\/derbyboya.com\/en\/wp-json\/wp\/v2\/types\/product"}],"wp:featuredmedia":[{"embeddable":true,"href":"https:\/\/derbyboya.com\/en\/wp-json\/wp\/v2\/media\/1712"}],"wp:attachment":[{"href":"https:\/\/derbyboya.com\/en\/wp-json\/wp\/v2\/media?parent=1594"}],"wp:term":[{"taxonomy":"product_cat","embeddable":true,"href":"https:\/\/derbyboya.com\/en\/wp-json\/wp\/v2\/product_cat?post=1594"},{"taxonomy":"product_tag","embeddable":true,"href":"https:\/\/derbyboya.com\/en\/wp-json\/wp\/v2\/product_tag?post=1594"},{"taxonomy":"stm_brands","embeddable":true,"href":"https:\/\/derbyboya.com\/en\/wp-json\/wp\/v2\/stm_brands?post=1594"}],"curies":[{"name":"wp","href":"https:\/\/api.w.org\/{rel}","templated":true}]}}