{"id":1596,"date":"2020-05-21T15:41:17","date_gmt":"2020-05-21T12:41:17","guid":{"rendered":"https:\/\/derbyboya.com\/?post_type=product&#038;p=1596"},"modified":"2020-08-11T19:35:31","modified_gmt":"2020-08-11T16:35:31","slug":"renk-degistirme-astari","status":"publish","type":"product","link":"https:\/\/derbyboya.com\/en\/product\/renk-degistirme-astari\/","title":{"rendered":"Color Changing Primer"},"content":{"rendered":"<h4>Product Features<\/h4>\n<p>Product Code : RDA Series<\/p>\n<p>It is a product that is used as a primer in color changing applications. It can be applied with a cloth tampon or a sponge. It is polished once dried completely and RDS series is applied upon.<\/p>\n<h4>Practice<\/h4>\n<p><iframe loading=\"lazy\" src=\"https:\/\/www.youtube.com\/embed\/7iJslgNCQhs\" width=\"560\" height=\"315\" frameborder=\"0\" allowfullscreen=\"allowfullscreen\"><\/iframe><\/p>\n<h4>Colors<\/h4>\n<p>RDA Black | RDA Brown | RDA Red | RDA Blue | RDA Sar\u0131<\/p>\n<p><a style=\"color: #437310; text-decoration: underline;\" href=\"https:\/\/derbyboya.com\/wp-content\/uploads\/2020\/03\/kartela.jpg\">Click to see the color chart<\/a><\/p>\n<p>&nbsp;<\/p>\n<p><a class=\"btn btn_transparent\" style=\"color: #437310; border: 2px solid #437310;\" href=\"https:\/\/derbyboya.com\/en\/contacts\/\">Click for detailed information<\/a>\u00a0 \u00a0 \u00a0<a class=\"btn btn_transparent\" style=\"color: #437310; border: 2px solid #437310;\" href=\"#\">Download MSDS<\/a>\u00a0 \u00a0\u00a0\u00a0<a class=\"btn btn_transparent\" style=\"color: #437310; border: 2px solid #437310;\" href=\"#\">Download TDS<\/a><\/p>","protected":false},"excerpt":{"rendered":"<p>\u00dcr\u00fcn \u00d6zellikleri \u00dcr\u00fcn Kodu : RDA Serisi Renk de\u011fi\u015ftirme uygulamalar\u0131nda astar olarak kullan\u0131l\u0131r. Bez tamponla ya da s\u00fcngerle&#8230;<\/p>","protected":false},"featured_media":1582,"template":"","meta":[],"product_cat":[34],"product_tag":[],"stm_brands":[],"_links":{"self":[{"href":"https:\/\/derbyboya.com\/en\/wp-json\/wp\/v2\/product\/1596"}],"collection":[{"href":"https:\/\/derbyboya.com\/en\/wp-json\/wp\/v2\/product"}],"about":[{"href":"https:\/\/derbyboya.com\/en\/wp-json\/wp\/v2\/types\/product"}],"wp:featuredmedia":[{"embeddable":true,"href":"https:\/\/derbyboya.com\/en\/wp-json\/wp\/v2\/media\/1582"}],"wp:attachment":[{"href":"https:\/\/derbyboya.com\/en\/wp-json\/wp\/v2\/media?parent=1596"}],"wp:term":[{"taxonomy":"product_cat","embeddable":true,"href":"https:\/\/derbyboya.com\/en\/wp-json\/wp\/v2\/product_cat?post=1596"},{"taxonomy":"product_tag","embeddable":true,"href":"https:\/\/derbyboya.com\/en\/wp-json\/wp\/v2\/product_tag?post=1596"},{"taxonomy":"stm_brands","embeddable":true,"href":"https:\/\/derbyboya.com\/en\/wp-json\/wp\/v2\/stm_brands?post=1596"}],"curies":[{"name":"wp","href":"https:\/\/api.w.org\/{rel}","templated":true}]}}