{"id":1599,"date":"2020-05-21T15:45:06","date_gmt":"2020-05-21T12:45:06","guid":{"rendered":"https:\/\/derbyboya.com\/?post_type=product&#038;p=1599"},"modified":"2020-08-12T02:27:29","modified_gmt":"2020-08-11T23:27:29","slug":"rugan-parlatma-kremi","status":"publish","type":"product","link":"https:\/\/derbyboya.com\/en\/product\/rugan-parlatma-kremi\/","title":{"rendered":"Patent Leather Cream"},"content":{"rendered":"<h4>Product Features<\/h4>\n<p>Product Code : RC \u2013 1000<\/p>\n<p>It is used is polishing patent leathers. The product is applied with a sponge and polished with a soft and dry cloth. It prevents the finger prints on the surface.<\/p>\n<h4>Colors<\/h4>\n<p>Ask for the colors.<\/p>\n<p><a style=\"color: #437310; text-decoration: underline;\" href=\"https:\/\/derbyboya.com\/wp-content\/uploads\/2020\/03\/kartela.jpg\">Click to see the color chart<\/a><\/p>\n<p>&nbsp;<\/p>\n<p><a class=\"btn btn_transparent\" style=\"color: #437310; border: 2px solid #437310;\" href=\"https:\/\/derbyboya.com\/en\/contacts\/\">Click for detailed information<\/a>\u00a0 \u00a0 \u00a0<a class=\"btn btn_transparent\" style=\"color: #437310; border: 2px solid #437310;\" href=\"#\">Download MSDS<\/a>\u00a0 \u00a0\u00a0\u00a0<a class=\"btn btn_transparent\" style=\"color: #437310; border: 2px solid #437310;\" href=\"#\">Download TDS<\/a><\/p>","protected":false},"excerpt":{"rendered":"<p>\u00dcr\u00fcn \u00d6zellikleri \u00dcr\u00fcn Kodu : RC \u2013 1000 Rugan derilerin parlat\u0131lmas\u0131nda kullan\u0131l\u0131r. S\u00fcngerle s\u00fcr\u00fcl\u00fcr, yumu\u015fak ve kuru bir&#8230;<\/p>","protected":false},"featured_media":1716,"template":"","meta":[],"product_cat":[34],"product_tag":[],"stm_brands":[],"_links":{"self":[{"href":"https:\/\/derbyboya.com\/en\/wp-json\/wp\/v2\/product\/1599"}],"collection":[{"href":"https:\/\/derbyboya.com\/en\/wp-json\/wp\/v2\/product"}],"about":[{"href":"https:\/\/derbyboya.com\/en\/wp-json\/wp\/v2\/types\/product"}],"wp:featuredmedia":[{"embeddable":true,"href":"https:\/\/derbyboya.com\/en\/wp-json\/wp\/v2\/media\/1716"}],"wp:attachment":[{"href":"https:\/\/derbyboya.com\/en\/wp-json\/wp\/v2\/media?parent=1599"}],"wp:term":[{"taxonomy":"product_cat","embeddable":true,"href":"https:\/\/derbyboya.com\/en\/wp-json\/wp\/v2\/product_cat?post=1599"},{"taxonomy":"product_tag","embeddable":true,"href":"https:\/\/derbyboya.com\/en\/wp-json\/wp\/v2\/product_tag?post=1599"},{"taxonomy":"stm_brands","embeddable":true,"href":"https:\/\/derbyboya.com\/en\/wp-json\/wp\/v2\/stm_brands?post=1599"}],"curies":[{"name":"wp","href":"https:\/\/api.w.org\/{rel}","templated":true}]}}