{"id":1601,"date":"2020-05-21T15:47:12","date_gmt":"2020-05-21T12:47:12","guid":{"rendered":"https:\/\/derbyboya.com\/?post_type=product&#038;p=1601"},"modified":"2020-08-11T22:38:44","modified_gmt":"2020-08-11T19:38:44","slug":"saya-temizleyici-ve-gumus-kalem-silici","status":"publish","type":"product","link":"https:\/\/derbyboya.com\/en\/product\/saya-temizleyici-ve-gumus-kalem-silici\/","title":{"rendered":"Upper Cleaner and Silver Pen Cleaner"},"content":{"rendered":"<h4>Product Features<\/h4>\n<p>Product Code : ST\/GKS<\/p>\n<p>It is a product which is used to clean adhesive, dirt and silver pen traces left on artificial leather and leather.<\/p>\n<h4>Colors<\/h4>\n<p>Ask for the colors.<\/p>\n<p><a style=\"color: #437310; text-decoration: underline;\" href=\"https:\/\/derbyboya.com\/wp-content\/uploads\/2020\/03\/kartela.jpg\">Click to see the color chart<\/a><\/p>\n<p>&nbsp;<\/p>\n<p><a class=\"btn btn_transparent\" style=\"color: #437310; border: 2px solid #437310;\" href=\"https:\/\/derbyboya.com\/en\/contacts\/\">Click for detailed information<\/a>\u00a0 \u00a0 \u00a0<a class=\"btn btn_transparent\" style=\"color: #437310; border: 2px solid #437310;\" href=\"#\">Download MSDS<\/a>\u00a0 \u00a0\u00a0\u00a0<a class=\"btn btn_transparent\" style=\"color: #437310; border: 2px solid #437310;\" href=\"#\">Download TDS<\/a><\/p>","protected":false},"excerpt":{"rendered":"<p>\u00dcr\u00fcn \u00d6zellikleri \u00dcr\u00fcn Kodu : ST\/GKS Suni deri ve deri \u00fczerindeki yap\u0131\u015ft\u0131r\u0131c\u0131, kir ve g\u00fcm\u00fc\u015f kalem izlerini temizlemede&#8230;<\/p>","protected":false},"featured_media":1720,"template":"","meta":[],"product_cat":[34],"product_tag":[],"stm_brands":[],"_links":{"self":[{"href":"https:\/\/derbyboya.com\/en\/wp-json\/wp\/v2\/product\/1601"}],"collection":[{"href":"https:\/\/derbyboya.com\/en\/wp-json\/wp\/v2\/product"}],"about":[{"href":"https:\/\/derbyboya.com\/en\/wp-json\/wp\/v2\/types\/product"}],"wp:featuredmedia":[{"embeddable":true,"href":"https:\/\/derbyboya.com\/en\/wp-json\/wp\/v2\/media\/1720"}],"wp:attachment":[{"href":"https:\/\/derbyboya.com\/en\/wp-json\/wp\/v2\/media?parent=1601"}],"wp:term":[{"taxonomy":"product_cat","embeddable":true,"href":"https:\/\/derbyboya.com\/en\/wp-json\/wp\/v2\/product_cat?post=1601"},{"taxonomy":"product_tag","embeddable":true,"href":"https:\/\/derbyboya.com\/en\/wp-json\/wp\/v2\/product_tag?post=1601"},{"taxonomy":"stm_brands","embeddable":true,"href":"https:\/\/derbyboya.com\/en\/wp-json\/wp\/v2\/stm_brands?post=1601"}],"curies":[{"name":"wp","href":"https:\/\/api.w.org\/{rel}","templated":true}]}}