{"id":1602,"date":"2020-05-21T15:48:14","date_gmt":"2020-05-21T12:48:14","guid":{"rendered":"https:\/\/derbyboya.com\/?post_type=product&#038;p=1602"},"modified":"2020-08-11T22:39:25","modified_gmt":"2020-08-11T19:39:25","slug":"son-kat-parlatici","status":"publish","type":"product","link":"https:\/\/derbyboya.com\/en\/product\/son-kat-parlatici\/","title":{"rendered":"Top Coat Polish (water based)"},"content":{"rendered":"<h4>Product Features<\/h4>\n<p>Product Code : US 12 Series<\/p>\n<p>It is a top coat polish which can be applied with a sponge on all kind of leathers and which dries fast. It forms a natural, shiny film layer which doesn\u2019t crack later on the surfaces it is applied.<\/p>\n<h4>Colors<\/h4>\n<p>US 12\u00a0\u00a0 Natural<\/p>\n<p>US 12 \tBlack<\/p>\n<p>US 12 \tBrown<\/p>\n<p><a style=\"color: #437310; text-decoration: underline;\" href=\"https:\/\/derbyboya.com\/wp-content\/uploads\/2020\/03\/kartela.jpg\">Click to see the color chart<\/a><\/p>\n<p>&nbsp;<\/p>\n<p><a class=\"btn btn_transparent\" style=\"color: #437310; border: 2px solid #437310;\" href=\"https:\/\/derbyboya.com\/en\/contacts\/\">Click for detailed information<\/a>\u00a0 \u00a0 \u00a0<a class=\"btn btn_transparent\" style=\"color: #437310; border: 2px solid #437310;\" href=\"#\">Download MSDS<\/a>\u00a0 \u00a0\u00a0\u00a0<a class=\"btn btn_transparent\" style=\"color: #437310; border: 2px solid #437310;\" href=\"#\">Download TDS<\/a><\/p>","protected":false},"excerpt":{"rendered":"<p>\u00dcr\u00fcn \u00d6zellikleri \u00dcr\u00fcn Kodu : US 12 Serisi Her t\u00fcrl\u00fc deri \u00fcr\u00fcn\u00fcne s\u00fcngerle tatbik edilen ve h\u0131zl\u0131 kuruyan&#8230;<\/p>","protected":false},"featured_media":1721,"template":"","meta":[],"product_cat":[34],"product_tag":[],"stm_brands":[],"_links":{"self":[{"href":"https:\/\/derbyboya.com\/en\/wp-json\/wp\/v2\/product\/1602"}],"collection":[{"href":"https:\/\/derbyboya.com\/en\/wp-json\/wp\/v2\/product"}],"about":[{"href":"https:\/\/derbyboya.com\/en\/wp-json\/wp\/v2\/types\/product"}],"wp:featuredmedia":[{"embeddable":true,"href":"https:\/\/derbyboya.com\/en\/wp-json\/wp\/v2\/media\/1721"}],"wp:attachment":[{"href":"https:\/\/derbyboya.com\/en\/wp-json\/wp\/v2\/media?parent=1602"}],"wp:term":[{"taxonomy":"product_cat","embeddable":true,"href":"https:\/\/derbyboya.com\/en\/wp-json\/wp\/v2\/product_cat?post=1602"},{"taxonomy":"product_tag","embeddable":true,"href":"https:\/\/derbyboya.com\/en\/wp-json\/wp\/v2\/product_tag?post=1602"},{"taxonomy":"stm_brands","embeddable":true,"href":"https:\/\/derbyboya.com\/en\/wp-json\/wp\/v2\/stm_brands?post=1602"}],"curies":[{"name":"wp","href":"https:\/\/api.w.org\/{rel}","templated":true}]}}