{"id":1605,"date":"2020-05-21T15:50:49","date_gmt":"2020-05-21T12:50:49","guid":{"rendered":"https:\/\/derbyboya.com\/?post_type=product&#038;p=1605"},"modified":"2020-08-11T22:40:06","modified_gmt":"2020-08-11T19:40:06","slug":"suet-nubuk-renk-dengeleyici","status":"publish","type":"product","link":"https:\/\/derbyboya.com\/en\/product\/suet-nubuk-renk-dengeleyici\/","title":{"rendered":"Suede and Nubuck Stabilizer"},"content":{"rendered":"<h4>Product Features<\/h4>\n<p>Product Code : SNW Series (water-based) | SNS Series (solvent-based)<\/p>\n<p>It doesn\u2019t degenerate the fiber of the leather, cause shininess on the hair, stabilizing the color, eliminates the abrage of the leather. It is applied by a spray gun and is available in different colors.<\/p>\n<h4>Colors<\/h4>\n<p>Ask for the colors.<\/p>\n<p><a style=\"color: #437310; text-decoration: underline;\" href=\"https:\/\/derbyboya.com\/wp-content\/uploads\/2020\/03\/kartela.jpg\">Click to see the color chart<\/a><\/p>\n<p>&nbsp;<\/p>\n<p><a class=\"btn btn_transparent\" style=\"color: #437310; border: 2px solid #437310;\" href=\"https:\/\/derbyboya.com\/en\/contacts\/\">Click for detailed information<\/a>\u00a0 \u00a0 \u00a0<a class=\"btn btn_transparent\" style=\"color: #437310; border: 2px solid #437310;\" href=\"#\">Download MSDS<\/a>\u00a0 \u00a0\u00a0\u00a0<a class=\"btn btn_transparent\" style=\"color: #437310; border: 2px solid #437310;\" href=\"#\">Download TDS<\/a><\/p>","protected":false},"excerpt":{"rendered":"<p>\u00dcr\u00fcn \u00d6zellikleri \u00dcr\u00fcn Kodu : SNW Serisi (su bazl\u0131) | SNS Serisi (solvent bazl\u0131) Derinin hav\u0131n\u0131 bozmaz, t\u00fcylerinde&#8230;<\/p>","protected":false},"featured_media":1722,"template":"","meta":[],"product_cat":[34],"product_tag":[],"stm_brands":[],"_links":{"self":[{"href":"https:\/\/derbyboya.com\/en\/wp-json\/wp\/v2\/product\/1605"}],"collection":[{"href":"https:\/\/derbyboya.com\/en\/wp-json\/wp\/v2\/product"}],"about":[{"href":"https:\/\/derbyboya.com\/en\/wp-json\/wp\/v2\/types\/product"}],"wp:featuredmedia":[{"embeddable":true,"href":"https:\/\/derbyboya.com\/en\/wp-json\/wp\/v2\/media\/1722"}],"wp:attachment":[{"href":"https:\/\/derbyboya.com\/en\/wp-json\/wp\/v2\/media?parent=1605"}],"wp:term":[{"taxonomy":"product_cat","embeddable":true,"href":"https:\/\/derbyboya.com\/en\/wp-json\/wp\/v2\/product_cat?post=1605"},{"taxonomy":"product_tag","embeddable":true,"href":"https:\/\/derbyboya.com\/en\/wp-json\/wp\/v2\/product_tag?post=1605"},{"taxonomy":"stm_brands","embeddable":true,"href":"https:\/\/derbyboya.com\/en\/wp-json\/wp\/v2\/stm_brands?post=1605"}],"curies":[{"name":"wp","href":"https:\/\/api.w.org\/{rel}","templated":true}]}}