{"id":1607,"date":"2020-05-21T16:01:44","date_gmt":"2020-05-21T13:01:44","guid":{"rendered":"https:\/\/derbyboya.com\/?post_type=product&#038;p=1607"},"modified":"2020-08-11T22:41:09","modified_gmt":"2020-08-11T19:41:09","slug":"boya-oncesi-temizlik-sivisi","status":"publish","type":"product","link":"https:\/\/derbyboya.com\/en\/product\/boya-oncesi-temizlik-sivisi\/","title":{"rendered":"Pre-Paint Cleaning Liquid"},"content":{"rendered":"<h4>Product Features<\/h4>\n<p>Product Code : Primer UP<\/p>\n<p>It is a pre-paint cleaning liquid. The area to be painted must be cleaned of oil and dirt with a cloth or pad. It allows the paint to adhere better to the surface.<\/p>\n<h4>Colors<\/h4>\n<p>Ask for the colors.<\/p>\n<p><a style=\"color: #437310; text-decoration: underline;\" href=\"https:\/\/derbyboya.com\/wp-content\/uploads\/2020\/03\/kartela.jpg\">Click to see the color chart<\/a><\/p>\n<p>&nbsp;<\/p>\n<p><a class=\"btn btn_transparent\" style=\"color: #437310; border: 2px solid #437310;\" href=\"https:\/\/derbyboya.com\/en\/contacts\/\">Click for detailed information<\/a>\u00a0 \u00a0 \u00a0<a class=\"btn btn_transparent\" style=\"color: #437310; border: 2px solid #437310;\" href=\"#\">Download MSDS<\/a>\u00a0 \u00a0\u00a0\u00a0<a class=\"btn btn_transparent\" style=\"color: #437310; border: 2px solid #437310;\" href=\"#\">Download TDS<\/a><\/p>","protected":false},"excerpt":{"rendered":"<p>\u00dcr\u00fcn \u00d6zellikleri \u00dcr\u00fcn Kodu : Primer UP Derilerin boyanmas\u0131ndan \u00f6nceki temizlik s\u0131v\u0131s\u0131d\u0131r. Boyanacak deri y\u00fczeyi \u00f6nce PRIMER\/UP ile&#8230;<\/p>","protected":false},"featured_media":1724,"template":"","meta":[],"product_cat":[31],"product_tag":[],"stm_brands":[],"_links":{"self":[{"href":"https:\/\/derbyboya.com\/en\/wp-json\/wp\/v2\/product\/1607"}],"collection":[{"href":"https:\/\/derbyboya.com\/en\/wp-json\/wp\/v2\/product"}],"about":[{"href":"https:\/\/derbyboya.com\/en\/wp-json\/wp\/v2\/types\/product"}],"wp:featuredmedia":[{"embeddable":true,"href":"https:\/\/derbyboya.com\/en\/wp-json\/wp\/v2\/media\/1724"}],"wp:attachment":[{"href":"https:\/\/derbyboya.com\/en\/wp-json\/wp\/v2\/media?parent=1607"}],"wp:term":[{"taxonomy":"product_cat","embeddable":true,"href":"https:\/\/derbyboya.com\/en\/wp-json\/wp\/v2\/product_cat?post=1607"},{"taxonomy":"product_tag","embeddable":true,"href":"https:\/\/derbyboya.com\/en\/wp-json\/wp\/v2\/product_tag?post=1607"},{"taxonomy":"stm_brands","embeddable":true,"href":"https:\/\/derbyboya.com\/en\/wp-json\/wp\/v2\/stm_brands?post=1607"}],"curies":[{"name":"wp","href":"https:\/\/api.w.org\/{rel}","templated":true}]}}