{"id":1609,"date":"2020-05-21T16:03:02","date_gmt":"2020-05-21T13:03:02","guid":{"rendered":"https:\/\/derbyboya.com\/?post_type=product&#038;p=1609"},"modified":"2020-08-11T19:22:26","modified_gmt":"2020-08-11T16:22:26","slug":"boya-sonrasi-sabitleme","status":"publish","type":"product","link":"https:\/\/derbyboya.com\/en\/product\/boya-sonrasi-sabitleme\/","title":{"rendered":"Post-Painting Fixing Chemical"},"content":{"rendered":"<h4>Product Features<\/h4>\n<p><strong>Product Code : Special UP \/ Fix (Matt)<\/strong><\/p>\n<p><strong>Product Code : BS \u2013 Fix (semi-gloss)<\/strong><\/p>\n<p>It is water-based fixing chemical that can be applied on genuine and artificial leathers after application. It allows the product to be soft with new leather smell. Matt and gloss options are available.<\/p>\n<h4>Colors<\/h4>\n<p>Ask for the colors.<\/p>\n<p><a style=\"color: #437310; text-decoration: underline;\" href=\"https:\/\/derbyboya.com\/wp-content\/uploads\/2020\/03\/kartela.jpg\">Click to see the color chart<\/a><\/p>\n<p>&nbsp;<\/p>\n<p><a class=\"btn btn_transparent\" style=\"color: #437310; border: 2px solid #437310;\" href=\"https:\/\/derbyboya.com\/en\/contacts\/\">Click for detailed information<\/a>\u00a0 \u00a0 \u00a0<a class=\"btn btn_transparent\" style=\"color: #437310; border: 2px solid #437310;\" href=\"#\">Download MSDS<\/a>\u00a0 \u00a0\u00a0\u00a0<a class=\"btn btn_transparent\" style=\"color: #437310; border: 2px solid #437310;\" href=\"#\">Download TDS<\/a><\/p>","protected":false},"excerpt":{"rendered":"<p>\u00dcr\u00fcn \u00d6zellikleri \u00dcr\u00fcn Kodu : Special Up \/ Fix (Mat) \u00dcr\u00fcn Kodu : BS \u2013 Fix (Yar\u0131 Parlak)&#8230;<\/p>","protected":false},"featured_media":1582,"template":"","meta":[],"product_cat":[31],"product_tag":[],"stm_brands":[],"_links":{"self":[{"href":"https:\/\/derbyboya.com\/en\/wp-json\/wp\/v2\/product\/1609"}],"collection":[{"href":"https:\/\/derbyboya.com\/en\/wp-json\/wp\/v2\/product"}],"about":[{"href":"https:\/\/derbyboya.com\/en\/wp-json\/wp\/v2\/types\/product"}],"wp:featuredmedia":[{"embeddable":true,"href":"https:\/\/derbyboya.com\/en\/wp-json\/wp\/v2\/media\/1582"}],"wp:attachment":[{"href":"https:\/\/derbyboya.com\/en\/wp-json\/wp\/v2\/media?parent=1609"}],"wp:term":[{"taxonomy":"product_cat","embeddable":true,"href":"https:\/\/derbyboya.com\/en\/wp-json\/wp\/v2\/product_cat?post=1609"},{"taxonomy":"product_tag","embeddable":true,"href":"https:\/\/derbyboya.com\/en\/wp-json\/wp\/v2\/product_tag?post=1609"},{"taxonomy":"stm_brands","embeddable":true,"href":"https:\/\/derbyboya.com\/en\/wp-json\/wp\/v2\/stm_brands?post=1609"}],"curies":[{"name":"wp","href":"https:\/\/api.w.org\/{rel}","templated":true}]}}