{"id":1611,"date":"2020-05-21T16:05:15","date_gmt":"2020-05-21T13:05:15","guid":{"rendered":"https:\/\/derbyboya.com\/?post_type=product&#038;p=1611"},"modified":"2020-08-12T01:29:39","modified_gmt":"2020-08-11T22:29:39","slug":"deri-yumusatma-ve-bakim-sutu","status":"publish","type":"product","link":"https:\/\/derbyboya.com\/en\/product\/deri-yumusatma-ve-bakim-sutu\/","title":{"rendered":"Leather Softening and Cleaning Milk"},"content":{"rendered":"<h4>Product Features<\/h4>\n<p>Product Code : Nappa Soft<\/p>\n<p>Due to its silicon free formula, it penetrates into the structure of the leather and softens the fibers. It is formulated for completely genuine leathers. After shaking it thoroughly, you may apply it on the leather surface as a thin layer, using a sponge. Once the material is thoroughly absorbed by the leather, you may use your finger tips to massage the leather in order to soften it.<\/p>\n<h4>Colors<\/h4>\n<p>Ask for the colors.<\/p>\n<p><a style=\"color: #437310; text-decoration: underline;\" href=\"https:\/\/derbyboya.com\/wp-content\/uploads\/2020\/03\/kartela.jpg\">Click to see the color chart<\/a><\/p>\n<p>&nbsp;<\/p>\n<p><a class=\"btn btn_transparent\" style=\"color: #437310; border: 2px solid #437310;\" href=\"https:\/\/derbyboya.com\/en\/contacts\/\">Click for detailed information<\/a>\u00a0 \u00a0 \u00a0<a class=\"btn btn_transparent\" style=\"color: #437310; border: 2px solid #437310;\" href=\"#\">Download MSDS<\/a>\u00a0 \u00a0\u00a0\u00a0<a class=\"btn btn_transparent\" style=\"color: #437310; border: 2px solid #437310;\" href=\"#\">Download TDS<\/a><\/p>","protected":false},"excerpt":{"rendered":"<p>\u00dcr\u00fcn \u00d6zellikleri \u00dcr\u00fcn Kodu : Nappa Soft Silikon i\u00e7ermeyen form\u00fcl\u00fc sayesinde derinin kesitine i\u015fleyerek liflerin yumu\u015famas\u0131n\u0131 sa\u011flamaktad\u0131r. Tamamen&#8230;<\/p>","protected":false},"featured_media":1726,"template":"","meta":[],"product_cat":[31],"product_tag":[],"stm_brands":[],"_links":{"self":[{"href":"https:\/\/derbyboya.com\/en\/wp-json\/wp\/v2\/product\/1611"}],"collection":[{"href":"https:\/\/derbyboya.com\/en\/wp-json\/wp\/v2\/product"}],"about":[{"href":"https:\/\/derbyboya.com\/en\/wp-json\/wp\/v2\/types\/product"}],"wp:featuredmedia":[{"embeddable":true,"href":"https:\/\/derbyboya.com\/en\/wp-json\/wp\/v2\/media\/1726"}],"wp:attachment":[{"href":"https:\/\/derbyboya.com\/en\/wp-json\/wp\/v2\/media?parent=1611"}],"wp:term":[{"taxonomy":"product_cat","embeddable":true,"href":"https:\/\/derbyboya.com\/en\/wp-json\/wp\/v2\/product_cat?post=1611"},{"taxonomy":"product_tag","embeddable":true,"href":"https:\/\/derbyboya.com\/en\/wp-json\/wp\/v2\/product_tag?post=1611"},{"taxonomy":"stm_brands","embeddable":true,"href":"https:\/\/derbyboya.com\/en\/wp-json\/wp\/v2\/stm_brands?post=1611"}],"curies":[{"name":"wp","href":"https:\/\/api.w.org\/{rel}","templated":true}]}}