{"id":1614,"date":"2020-05-21T16:08:18","date_gmt":"2020-05-21T13:08:18","guid":{"rendered":"https:\/\/derbyboya.com\/?post_type=product&#038;p=1614"},"modified":"2020-08-11T22:43:52","modified_gmt":"2020-08-11T19:43:52","slug":"special-deri-mont-boyasi","status":"publish","type":"product","link":"https:\/\/derbyboya.com\/en\/product\/special-deri-mont-boyasi\/","title":{"rendered":"Leather Paint for Garments (water based)"},"content":{"rendered":"<h4>Product Features<\/h4>\n<p>Product Code : Special Series<\/p>\n<p>It is a water based leather paint developed for garment leather. It can be applied on any kind of genuine leather using a spray gun and sponge. If creates a soft film layer which adheres gently. It dries quickly and is water resistant. It is recommended to use Primer \/ UP before the application.<\/p>\n<h4>Colors<\/h4>\n<p>Ask for the colors.<\/p>\n<p><a style=\"color: #437310; text-decoration: underline;\" href=\"https:\/\/derbyboya.com\/wp-content\/uploads\/2020\/03\/kartela.jpg\">Click to see the color chart<\/a><\/p>\n<p>&nbsp;<\/p>\n<p><a class=\"btn btn_transparent\" style=\"color: #437310; border: 2px solid #437310;\" href=\"https:\/\/derbyboya.com\/en\/contacts\/\">Click for detailed information<\/a>\u00a0 \u00a0 \u00a0<a class=\"btn btn_transparent\" style=\"color: #437310; border: 2px solid #437310;\" href=\"#\">Download MSDS<\/a>\u00a0 \u00a0\u00a0\u00a0<a class=\"btn btn_transparent\" style=\"color: #437310; border: 2px solid #437310;\" href=\"#\">Download TDS<\/a><\/p>","protected":false},"excerpt":{"rendered":"<p>\u00dcr\u00fcn \u00d6zellikleri \u00dcr\u00fcn Kodu : Special Serisi Giysilik deriler i\u00e7in geli\u015ftirilmi\u015f su bazl\u0131 deri boyas\u0131d\u0131r. T\u00fcm deri \u00fcr\u00fcnlerine&#8230;<\/p>","protected":false},"featured_media":1728,"template":"","meta":[],"product_cat":[31],"product_tag":[],"stm_brands":[],"_links":{"self":[{"href":"https:\/\/derbyboya.com\/en\/wp-json\/wp\/v2\/product\/1614"}],"collection":[{"href":"https:\/\/derbyboya.com\/en\/wp-json\/wp\/v2\/product"}],"about":[{"href":"https:\/\/derbyboya.com\/en\/wp-json\/wp\/v2\/types\/product"}],"wp:featuredmedia":[{"embeddable":true,"href":"https:\/\/derbyboya.com\/en\/wp-json\/wp\/v2\/media\/1728"}],"wp:attachment":[{"href":"https:\/\/derbyboya.com\/en\/wp-json\/wp\/v2\/media?parent=1614"}],"wp:term":[{"taxonomy":"product_cat","embeddable":true,"href":"https:\/\/derbyboya.com\/en\/wp-json\/wp\/v2\/product_cat?post=1614"},{"taxonomy":"product_tag","embeddable":true,"href":"https:\/\/derbyboya.com\/en\/wp-json\/wp\/v2\/product_tag?post=1614"},{"taxonomy":"stm_brands","embeddable":true,"href":"https:\/\/derbyboya.com\/en\/wp-json\/wp\/v2\/stm_brands?post=1614"}],"curies":[{"name":"wp","href":"https:\/\/api.w.org\/{rel}","templated":true}]}}