{"id":1632,"date":"2020-05-21T16:27:21","date_gmt":"2020-05-21T13:27:21","guid":{"rendered":"https:\/\/derbyboya.com\/?post_type=product&#038;p=1632"},"modified":"2020-08-11T19:42:35","modified_gmt":"2020-08-11T16:42:35","slug":"vardola-boyasi","status":"publish","type":"product","link":"https:\/\/derbyboya.com\/en\/product\/vardola-boyasi\/","title":{"rendered":"Welt Paint"},"content":{"rendered":"<h4>Product Features<\/h4>\n<p>Product Code : SVY 6330 Series | WLT 6500 Series (solvent based)<\/p>\n<p>It is water-based welt paint. It forms a film layer which is bright, covering and heat resistant. Custom colors can be created upon request.<\/p>\n<h4>Colors<\/h4>\n<p>Ask for the colors.<\/p>\n<p><a style=\"color: #437310; text-decoration: underline;\" href=\"https:\/\/derbyboya.com\/wp-content\/uploads\/2020\/03\/kartela.jpg\">Click to see the color chart<\/a><\/p>\n<p>&nbsp;<\/p>\n<p><a class=\"btn btn_transparent\" style=\"color: #437310; border: 2px solid #437310;\" href=\"https:\/\/derbyboya.com\/en\/contacts\/\">Click for detailed information<\/a>\u00a0 \u00a0 \u00a0<a class=\"btn btn_transparent\" style=\"color: #437310; border: 2px solid #437310;\" href=\"#\">Download MSDS<\/a>\u00a0 \u00a0\u00a0\u00a0<a class=\"btn btn_transparent\" style=\"color: #437310; border: 2px solid #437310;\" href=\"#\">Download TDS<\/a><\/p>","protected":false},"excerpt":{"rendered":"<p>\u00dcr\u00fcn \u00d6zellikleri \u00dcr\u00fcn Kodu : SVY 6330 Serisi (su bazl\u0131) | WLT 6500 Serisi (solvent bazl\u0131) Su bazl\u0131&#8230;<\/p>","protected":false},"featured_media":1582,"template":"","meta":[],"product_cat":[39],"product_tag":[],"stm_brands":[],"_links":{"self":[{"href":"https:\/\/derbyboya.com\/en\/wp-json\/wp\/v2\/product\/1632"}],"collection":[{"href":"https:\/\/derbyboya.com\/en\/wp-json\/wp\/v2\/product"}],"about":[{"href":"https:\/\/derbyboya.com\/en\/wp-json\/wp\/v2\/types\/product"}],"wp:featuredmedia":[{"embeddable":true,"href":"https:\/\/derbyboya.com\/en\/wp-json\/wp\/v2\/media\/1582"}],"wp:attachment":[{"href":"https:\/\/derbyboya.com\/en\/wp-json\/wp\/v2\/media?parent=1632"}],"wp:term":[{"taxonomy":"product_cat","embeddable":true,"href":"https:\/\/derbyboya.com\/en\/wp-json\/wp\/v2\/product_cat?post=1632"},{"taxonomy":"product_tag","embeddable":true,"href":"https:\/\/derbyboya.com\/en\/wp-json\/wp\/v2\/product_tag?post=1632"},{"taxonomy":"stm_brands","embeddable":true,"href":"https:\/\/derbyboya.com\/en\/wp-json\/wp\/v2\/stm_brands?post=1632"}],"curies":[{"name":"wp","href":"https:\/\/api.w.org\/{rel}","templated":true}]}}