{"id":1636,"date":"2020-05-21T16:52:40","date_gmt":"2020-05-21T13:52:40","guid":{"rendered":"https:\/\/derbyboya.com\/?post_type=product&#038;p=1636"},"modified":"2020-08-11T19:43:08","modified_gmt":"2020-08-11T16:43:08","slug":"kenar-duzeltme-vaksi","status":"publish","type":"product","link":"https:\/\/derbyboya.com\/en\/product\/kenar-duzeltme-vaksi\/","title":{"rendered":"Edge Fixing Wax"},"content":{"rendered":"<h4>Product Features<\/h4>\n<p>Product Code : VEJ - TRN<\/p>\n<p>It provides smoothness of leather edges where required. It is applied by a sponge. Once dried, it is smoothed and polished with a wood slicker. It is an odorless and water-based product.<\/p>\n<h4>Colors<\/h4>\n<p>Ask for the colors.<\/p>\n<p><a style=\"color: #437310; text-decoration: underline;\" href=\"https:\/\/derbyboya.com\/wp-content\/uploads\/2020\/03\/kartela.jpg\">Click to see the color chart<\/a><\/p>\n<p>&nbsp;<\/p>\n<p><a class=\"btn btn_transparent\" style=\"color: #437310; border: 2px solid #437310;\" href=\"https:\/\/derbyboya.com\/en\/contacts\/\">Click for detailed information<\/a>\u00a0 \u00a0 \u00a0<a class=\"btn btn_transparent\" style=\"color: #437310; border: 2px solid #437310;\" href=\"#\">Download MSDS<\/a>\u00a0 \u00a0\u00a0\u00a0<a class=\"btn btn_transparent\" style=\"color: #437310; border: 2px solid #437310;\" href=\"#\">Download TDS<\/a><\/p>","protected":false},"excerpt":{"rendered":"<p>\u00dcr\u00fcn \u00d6zellikleri \u00dcr\u00fcn Kodu : VEJ \u2013 TRN Deri kenarlar\u0131nda olu\u015fturulmak istenen d\u00fczg\u00fcnl\u00fc\u011f\u00fc sa\u011flar. S\u00fcngerle uygulan\u0131r. Kuruduktan sonra&#8230;<\/p>","protected":false},"featured_media":1582,"template":"","meta":[],"product_cat":[36],"product_tag":[],"stm_brands":[],"_links":{"self":[{"href":"https:\/\/derbyboya.com\/en\/wp-json\/wp\/v2\/product\/1636"}],"collection":[{"href":"https:\/\/derbyboya.com\/en\/wp-json\/wp\/v2\/product"}],"about":[{"href":"https:\/\/derbyboya.com\/en\/wp-json\/wp\/v2\/types\/product"}],"wp:featuredmedia":[{"embeddable":true,"href":"https:\/\/derbyboya.com\/en\/wp-json\/wp\/v2\/media\/1582"}],"wp:attachment":[{"href":"https:\/\/derbyboya.com\/en\/wp-json\/wp\/v2\/media?parent=1636"}],"wp:term":[{"taxonomy":"product_cat","embeddable":true,"href":"https:\/\/derbyboya.com\/en\/wp-json\/wp\/v2\/product_cat?post=1636"},{"taxonomy":"product_tag","embeddable":true,"href":"https:\/\/derbyboya.com\/en\/wp-json\/wp\/v2\/product_tag?post=1636"},{"taxonomy":"stm_brands","embeddable":true,"href":"https:\/\/derbyboya.com\/en\/wp-json\/wp\/v2\/stm_brands?post=1636"}],"curies":[{"name":"wp","href":"https:\/\/api.w.org\/{rel}","templated":true}]}}