{"id":1737,"date":"2020-08-12T01:57:55","date_gmt":"2020-08-11T22:57:55","guid":{"rendered":"https:\/\/derbyboya.com\/?post_type=product&#038;p=1737"},"modified":"2020-09-14T21:20:49","modified_gmt":"2020-09-14T18:20:49","slug":"croupon-leather","status":"publish","type":"product","link":"https:\/\/derbyboya.com\/en\/product\/croupon-leather\/","title":{"rendered":"CROUPON LEATHER"},"content":{"rendered":"<h4>Product Features<\/h4>\n<p>It is used for whole calfskin bags, belts and sarracie products tanned with vegetable processing like leathery.<\/p>\n<table style=\"height: 141px;\" width=\"64\">\n<tbody>\n<tr>\n<td><strong>Code<\/strong><\/td>\n<td style=\"    width: 80%;\"><strong>Croupons(mm)<\/strong><\/td>\n<\/tr>\n<tr>\n<td>020<\/td>\n<td>2.8\/3.0<\/td>\n<\/tr>\n<tr>\n<td>021<\/td>\n<td>3.0\/3.2<\/td>\n<\/tr>\n<tr>\n<td>022<\/td>\n<td>3.4\/3.6<\/td>\n<\/tr>\n<tr>\n<td>023<\/td>\n<td>3.6+<\/td>\n<\/tr>\n<\/tbody>\n<\/table>\n<h4>Colors<\/h4>\n<p>Natural, Black, Tan and Brown (Main Colors)<\/p>\n<p><a style=\"color: #437310; text-decoration: underline;\" href=\"https:\/\/derbyboya.com\/wp-content\/uploads\/2020\/03\/kartela.jpg\">Click to see the color chart<\/a><\/p>\n<p>&nbsp;<\/p>\n<p><a class=\"btn btn_transparent\" style=\"color: #437310; border: 2px solid #437310;\" href=\"https:\/\/derbyboya.com\/en\/contacts\/\">Click for detailed information<\/a>\u00a0 \u00a0 \u00a0<a class=\"btn btn_transparent\" style=\"color: #437310; border: 2px solid #437310;\" href=\"#\">Download MSDS<\/a>\u00a0 \u00a0\u00a0\u00a0<a class=\"btn btn_transparent\" style=\"color: #437310; border: 2px solid #437310;\" href=\"#\">Download TDS<\/a><\/p>","protected":false},"excerpt":{"rendered":"<p>\u00dcr\u00fcn \u00d6zellikleri K\u00f6sele gibi bitkisel i\u015flenti ile tabaklanm\u0131\u015f b\u00fct\u00fcn dana derisi \u00e7anta, kemer ve sarraciye \u00fcr\u00fcnleri i\u00e7in kullan\u0131l\u0131r&#8230;.<\/p>","protected":false},"featured_media":1738,"template":"","meta":[],"product_cat":[41],"product_tag":[],"stm_brands":[],"_links":{"self":[{"href":"https:\/\/derbyboya.com\/en\/wp-json\/wp\/v2\/product\/1737"}],"collection":[{"href":"https:\/\/derbyboya.com\/en\/wp-json\/wp\/v2\/product"}],"about":[{"href":"https:\/\/derbyboya.com\/en\/wp-json\/wp\/v2\/types\/product"}],"wp:featuredmedia":[{"embeddable":true,"href":"https:\/\/derbyboya.com\/en\/wp-json\/wp\/v2\/media\/1738"}],"wp:attachment":[{"href":"https:\/\/derbyboya.com\/en\/wp-json\/wp\/v2\/media?parent=1737"}],"wp:term":[{"taxonomy":"product_cat","embeddable":true,"href":"https:\/\/derbyboya.com\/en\/wp-json\/wp\/v2\/product_cat?post=1737"},{"taxonomy":"product_tag","embeddable":true,"href":"https:\/\/derbyboya.com\/en\/wp-json\/wp\/v2\/product_tag?post=1737"},{"taxonomy":"stm_brands","embeddable":true,"href":"https:\/\/derbyboya.com\/en\/wp-json\/wp\/v2\/stm_brands?post=1737"}],"curies":[{"name":"wp","href":"https:\/\/api.w.org\/{rel}","templated":true}]}}