{"id":1755,"date":"2020-08-12T02:36:31","date_gmt":"2020-08-11T23:36:31","guid":{"rendered":"https:\/\/derbyboya.com\/?post_type=product&#038;p=1755"},"modified":"2020-09-15T01:36:39","modified_gmt":"2020-09-14T22:36:39","slug":"vejetal-deri-yumusatma-ve-bakim-yagi","status":"publish","type":"product","link":"https:\/\/derbyboya.com\/en\/product\/vejetal-deri-yumusatma-ve-bakim-yagi\/","title":{"rendered":"Vejetal Deri Yumu\u015fatma ve Bak\u0131m Ya\u011f\u0131"},"content":{"rendered":"<h4>Product Features<\/h4>\n<p>\u00dcr\u00fcn Kodu : Doledo WB<\/p>\n<p>Vejetal deri y\u00fczeyine ped, boya tabancas\u0131\u00a0 ya da dald\u0131rma tekni\u011fi ile uygulan\u0131r. Profesyonel kullan\u0131c\u0131lara y\u00f6neliktir. Doledo WB\u2019ye g\u00f6re hasl\u0131klar\u0131 daha \u00fcst\u00fcnd\u00fcr.<\/p>\n<h4>Colors<\/h4>\n<p><a style=\"color: #437310; text-decoration: underline;\" href=\"https:\/\/derbyboya.com\/wp-content\/uploads\/2020\/03\/kartela.jpg\">Click to see the color chart<\/a><\/p>\n<p>&nbsp;<\/p>\n<p><a class=\"btn btn_transparent\" style=\"color: #437310; border: 2px solid #437310;\" href=\"https:\/\/derbyboya.com\/en\/contacts\/\">Click for detailed information<\/a>\u00a0 \u00a0 \u00a0<a class=\"btn btn_transparent\" style=\"color: #437310; border: 2px solid #437310;\" href=\"#\">Download MSDS<\/a>\u00a0 \u00a0\u00a0\u00a0<a class=\"btn btn_transparent\" style=\"color: #437310; border: 2px solid #437310;\" href=\"#\">Download TDS<\/a><\/p>","protected":false},"excerpt":{"rendered":"<p>\u00dcr\u00fcn \u00d6zellikleri \u00dcr\u00fcn Kodu : Doledo WB Vejetal deri y\u00fczeyine ped, boya tabancas\u0131\u00a0 ya da dald\u0131rma tekni\u011fi ile&#8230;<\/p>","protected":false},"featured_media":1582,"template":"","meta":[],"product_cat":[36],"product_tag":[],"stm_brands":[],"_links":{"self":[{"href":"https:\/\/derbyboya.com\/en\/wp-json\/wp\/v2\/product\/1755"}],"collection":[{"href":"https:\/\/derbyboya.com\/en\/wp-json\/wp\/v2\/product"}],"about":[{"href":"https:\/\/derbyboya.com\/en\/wp-json\/wp\/v2\/types\/product"}],"wp:featuredmedia":[{"embeddable":true,"href":"https:\/\/derbyboya.com\/en\/wp-json\/wp\/v2\/media\/1582"}],"wp:attachment":[{"href":"https:\/\/derbyboya.com\/en\/wp-json\/wp\/v2\/media?parent=1755"}],"wp:term":[{"taxonomy":"product_cat","embeddable":true,"href":"https:\/\/derbyboya.com\/en\/wp-json\/wp\/v2\/product_cat?post=1755"},{"taxonomy":"product_tag","embeddable":true,"href":"https:\/\/derbyboya.com\/en\/wp-json\/wp\/v2\/product_tag?post=1755"},{"taxonomy":"stm_brands","embeddable":true,"href":"https:\/\/derbyboya.com\/en\/wp-json\/wp\/v2\/stm_brands?post=1755"}],"curies":[{"name":"wp","href":"https:\/\/api.w.org\/{rel}","templated":true}]}}