{"id":1831,"date":"2020-09-14T21:40:50","date_gmt":"2020-09-14T18:40:50","guid":{"rendered":"https:\/\/derbyboya.com\/?post_type=product&#038;p=1831"},"modified":"2020-09-15T00:32:48","modified_gmt":"2020-09-14T21:32:48","slug":"vejetal-ve-krast-deri-boyalari","status":"publish","type":"product","link":"https:\/\/derbyboya.com\/en\/product\/vejetal-ve-krast-deri-boyalari\/","title":{"rendered":"Vejetal ve Krast Deri Boyalar\u0131"},"content":{"rendered":"<h4>Product Features<\/h4>\n<p>Product Code : DY 513<\/p>\n<p>It is a product which prevents the cracks that can be occurring during the assembly phase of shoe manufacturing. It is applied on the upper with a sponge on the grained side.<\/p>\n<h4>Colors<\/h4>\n<p>Ask for the colors.<\/p>\n<p><a style=\"color: #437310; text-decoration: underline;\" href=\"https:\/\/derbyboya.com\/wp-content\/uploads\/2020\/03\/kartela.jpg\">Click to see the color chart<\/a><\/p>\n<p>&nbsp;<\/p>\n<p><a class=\"btn btn_transparent\" style=\"color: #437310; border: 2px solid #437310;\" href=\"https:\/\/derbyboya.com\/en\/contacts\/\">Click for detailed information<\/a>\u00a0 \u00a0 \u00a0<a class=\"btn btn_transparent\" style=\"color: #437310; border: 2px solid #437310;\" href=\"#\">Download MSDS<\/a>\u00a0 \u00a0\u00a0\u00a0<a class=\"btn btn_transparent\" style=\"color: #437310; border: 2px solid #437310;\" href=\"#\">Download TDS<\/a><\/p>","protected":false},"excerpt":{"rendered":"<p>\u00dcr\u00fcn \u00d6zellikleri \u00dcr\u00fcn Kodu : DY 513 Ayakkab\u0131 imalat\u0131nda montede olu\u015fabilecek \u00e7atlamay\u0131 \u00f6nler. Saya halindeki deriye cilt taraf\u0131ndan&#8230;<\/p>","protected":false},"featured_media":1705,"template":"","meta":[],"product_cat":[34],"product_tag":[],"stm_brands":[],"_links":{"self":[{"href":"https:\/\/derbyboya.com\/en\/wp-json\/wp\/v2\/product\/1831"}],"collection":[{"href":"https:\/\/derbyboya.com\/en\/wp-json\/wp\/v2\/product"}],"about":[{"href":"https:\/\/derbyboya.com\/en\/wp-json\/wp\/v2\/types\/product"}],"wp:featuredmedia":[{"embeddable":true,"href":"https:\/\/derbyboya.com\/en\/wp-json\/wp\/v2\/media\/1705"}],"wp:attachment":[{"href":"https:\/\/derbyboya.com\/en\/wp-json\/wp\/v2\/media?parent=1831"}],"wp:term":[{"taxonomy":"product_cat","embeddable":true,"href":"https:\/\/derbyboya.com\/en\/wp-json\/wp\/v2\/product_cat?post=1831"},{"taxonomy":"product_tag","embeddable":true,"href":"https:\/\/derbyboya.com\/en\/wp-json\/wp\/v2\/product_tag?post=1831"},{"taxonomy":"stm_brands","embeddable":true,"href":"https:\/\/derbyboya.com\/en\/wp-json\/wp\/v2\/stm_brands?post=1831"}],"curies":[{"name":"wp","href":"https:\/\/api.w.org\/{rel}","templated":true}]}}