{"id":1263,"date":"2020-03-15T22:39:20","date_gmt":"2020-03-15T19:39:20","guid":{"rendered":"https:\/\/derbyboya.com\/?page_id=1263"},"modified":"2021-08-04T16:54:49","modified_gmt":"2021-08-04T13:54:49","slug":"urunler","status":"publish","type":"page","link":"https:\/\/derbyboya.com\/ru\/urunler\/","title":{"rendered":"\u0422\u043e\u0432\u0430\u0440\u044b"},"content":{"rendered":"<div data-elementor-type=\"wp-page\" data-elementor-id=\"1263\" class=\"elementor elementor-1263\" data-elementor-settings=\"[]\">\n\t\t\t\t\t\t<div class=\"elementor-inner\">\n\t\t\t\t\t\t\t<div class=\"elementor-section-wrap\">\n\t\t\t\t\t\t\t<section class=\"elementor-align-center elementor-section elementor-top-section elementor-element elementor-element-b9a5c9e elementor-section-boxed elementor-section-height-default elementor-section-height-default\" data-id=\"b9a5c9e\" data-element_type=\"section\">\n\t\t\t\t\t\t<div class=\"elementor-container elementor-column-gap-default\">\n\t\t\t\t\t\t\t<div class=\"elementor-row\">\n\t\t\t\t\t<div class=\"elementor-column elementor-col-100 elementor-top-column elementor-element elementor-element-e3dbc69\" data-id=\"e3dbc69\" data-element_type=\"column\">\n\t\t\t<div class=\"elementor-column-wrap elementor-element-populated\">\n\t\t\t\t\t\t\t<div class=\"elementor-widget-wrap\">\n\t\t\t\t\t\t<div class=\"elementor-element elementor-element-49d9366 elementor-widget elementor-widget-spacer\" data-id=\"49d9366\" data-element_type=\"widget\" data-widget_type=\"spacer.default\">\n\t\t\t\t<div class=\"elementor-widget-container\">\n\t\t\t\t\t<div class=\"elementor-spacer\">\n\t\t\t<div class=\"elementor-spacer-inner\"><\/div>\n\t\t<\/div>\n\t\t\t\t<\/div>\n\t\t\t\t<\/div>\n\t\t\t\t<div class=\"elementor-element elementor-element-3659548 elementor-widget elementor-widget-sm-woo-categories\" data-id=\"3659548\" data-element_type=\"widget\" data-widget_type=\"sm-woo-categories.default\">\n\t\t\t\t<div class=\"elementor-widget-container\">\n\t\t\t\t\n\t\t<div class=\"man_woo_cat row\">\n\t\t\n      \t<div class=\"man_woo_cat_item col-md-4 col col-sm-6 col-12\">\n      \t\t<a href=\"https:\/\/derbyboya.com\/ru\/product-category\/ayakkabi-finisaj-kimyasallari\/\" class=\"man_image_bck\" data-image=\"https:\/\/derbyboya.com\/wp-content\/uploads\/2020\/03\/Kategori-3-600x550.jpg\">\n      \t\t\t<span class=\"man_woo_cat_item_over\"><\/span>\n\t\t\t\t\t\t<div class=\"man_woo_cat_item_cont\">\n\t\t\t\t\t\t\t<h3 class=\"man_woo_cat_item_cont_name\">\u0424\u0438\u043d\u0438\u0448\u043d\u0430\u044f \u043f\u0440\u043e\u0434\u0443\u043a\u0446\u0438\u044f \u0434\u043b\u044f \u043e\u0431\u0443\u0432\u0438<\/h3>\n\t\t\t\t\t\t\t<div class=\"man_woo_cat_item_cont_an\">\n\t\t\t\t\t\t\t\t\t\n\t\t\t\t\t\t\t\t<span class=\"btn btn_transparent\">View<i class=\"ti ti-arrow-right\"><\/i><\/span>\n\t\t\t\t\t\t\t<\/div>\n\t\t\t\t\t\t<\/div>\n\t\t\t\t\t<\/a>\n      \t<\/div>   \n      \n     \n      \t<div class=\"man_woo_cat_item col-md-4 col col-sm-6 col-12\">\n      \t\t<a href=\"https:\/\/derbyboya.com\/ru\/product-category\/deri-grubu\/\" class=\"man_image_bck\" data-image=\"https:\/\/derbyboya.com\/wp-content\/uploads\/2020\/03\/Kategori-6-600x550.jpg\">\n      \t\t\t<span class=\"man_woo_cat_item_over\"><\/span>\n\t\t\t\t\t\t<div class=\"man_woo_cat_item_cont\">\n\t\t\t\t\t\t\t<h3 class=\"man_woo_cat_item_cont_name\">\u041a\u043e\u0436\u0430<\/h3>\n\t\t\t\t\t\t\t<div class=\"man_woo_cat_item_cont_an\">\n\t\t\t\t\t\t\t\t\t\n\t\t\t\t\t\t\t\t<span class=\"btn btn_transparent\">View<i class=\"ti ti-arrow-right\"><\/i><\/span>\n\t\t\t\t\t\t\t<\/div>\n\t\t\t\t\t\t<\/div>\n\t\t\t\t\t<\/a>\n      \t<\/div>   \n      \n     \n      \t<div class=\"man_woo_cat_item col-md-4 col col-sm-6 col-12\">\n      \t\t<a href=\"https:\/\/derbyboya.com\/ru\/product-category\/deri-bakim-ve-onarim-urunleri\/\" class=\"man_image_bck\" data-image=\"https:\/\/derbyboya.com\/wp-content\/uploads\/2020\/03\/Kategori-1-600x550.jpg\">\n      \t\t\t<span class=\"man_woo_cat_item_over\"><\/span>\n\t\t\t\t\t\t<div class=\"man_woo_cat_item_cont\">\n\t\t\t\t\t\t\t<h3 class=\"man_woo_cat_item_cont_name\">\u0421\u0440\u0435\u0434\u0441\u0442\u0432\u0430 \u0434\u043b\u044f \u0443\u0445\u043e\u0434\u0430 \u0438 \u0432\u043e\u0441\u0441\u0442\u0430\u043d\u043e\u0432\u043b\u0435\u043d\u0438\u044f \u043a\u043e\u0436\u0438<\/h3>\n\t\t\t\t\t\t\t<div class=\"man_woo_cat_item_cont_an\">\n\t\t\t\t\t\t\t\t\t\n\t\t\t\t\t\t\t\t<span class=\"btn btn_transparent\">View<i class=\"ti ti-arrow-right\"><\/i><\/span>\n\t\t\t\t\t\t\t<\/div>\n\t\t\t\t\t\t<\/div>\n\t\t\t\t\t<\/a>\n      \t<\/div>   \n      \n     \n      \t<div class=\"man_woo_cat_item col-md-4 col col-sm-6 col-12\">\n      \t\t<a href=\"https:\/\/derbyboya.com\/ru\/product-category\/istege-gore-ozel-uretim\/\" class=\"man_image_bck\" data-image=\"https:\/\/derbyboya.com\/wp-content\/uploads\/2020\/03\/Kategori-7-600x550.jpg\">\n      \t\t\t<span class=\"man_woo_cat_item_over\"><\/span>\n\t\t\t\t\t\t<div class=\"man_woo_cat_item_cont\">\n\t\t\t\t\t\t\t<h3 class=\"man_woo_cat_item_cont_name\">\u0414\u043e\u043f\u043e\u043b\u043d\u0438\u0442\u0435\u043b\u044c\u043d\u043e\u0435 \u043f\u0440\u043e\u0438\u0437\u0432\u043e\u0434\u0441\u0442\u0432\u043e<\/h3>\n\t\t\t\t\t\t\t<div class=\"man_woo_cat_item_cont_an\">\n\t\t\t\t\t\t\t\t\t\n\t\t\t\t\t\t\t\t<span class=\"btn btn_transparent\">View<i class=\"ti ti-arrow-right\"><\/i><\/span>\n\t\t\t\t\t\t\t<\/div>\n\t\t\t\t\t\t<\/div>\n\t\t\t\t\t<\/a>\n      \t<\/div>   \n      \n     \n      \t<div class=\"man_woo_cat_item col-md-4 col col-sm-6 col-12\">\n      \t\t<a href=\"https:\/\/derbyboya.com\/ru\/product-category\/saraciye-kimyasallari\/\" class=\"man_image_bck\" data-image=\"https:\/\/derbyboya.com\/wp-content\/uploads\/2020\/03\/Kategori-2-600x550.jpg\">\n      \t\t\t<span class=\"man_woo_cat_item_over\"><\/span>\n\t\t\t\t\t\t<div class=\"man_woo_cat_item_cont\">\n\t\t\t\t\t\t\t<h3 class=\"man_woo_cat_item_cont_name\">\u041a\u043e\u0436\u0430\u043d\u0430\u044f \u0433\u0430\u043b\u0430\u043d\u0442\u0435\u0440\u0435\u0439\u043d\u0430\u044f \u043f\u0440\u043e\u0434\u0443\u043a\u0446\u0438\u044f<\/h3>\n\t\t\t\t\t\t\t<div class=\"man_woo_cat_item_cont_an\">\n\t\t\t\t\t\t\t\t\t\n\t\t\t\t\t\t\t\t<span class=\"btn btn_transparent\">View<i class=\"ti ti-arrow-right\"><\/i><\/span>\n\t\t\t\t\t\t\t<\/div>\n\t\t\t\t\t\t<\/div>\n\t\t\t\t\t<\/a>\n      \t<\/div>   \n      \n     \n      \t<div class=\"man_woo_cat_item col-md-4 col col-sm-6 col-12\">\n      \t\t<a href=\"https:\/\/derbyboya.com\/ru\/product-category\/taban-okce-boyalari\/\" class=\"man_image_bck\" data-image=\"https:\/\/derbyboya.com\/wp-content\/uploads\/2020\/03\/Kategori-5-600x550.jpg\">\n      \t\t\t<span class=\"man_woo_cat_item_over\"><\/span>\n\t\t\t\t\t\t<div class=\"man_woo_cat_item_cont\">\n\t\t\t\t\t\t\t<h3 class=\"man_woo_cat_item_cont_name\">\u041f\u0440\u043e\u0434\u0443\u043a\u0446\u0438\u044f \u0434\u043b\u044f \u043f\u043e\u0434\u043e\u0448\u0432 \u0438 \u043a\u0430\u0431\u043b\u0443\u043a\u043e\u0432<\/h3>\n\t\t\t\t\t\t\t<div class=\"man_woo_cat_item_cont_an\">\n\t\t\t\t\t\t\t\t\t\n\t\t\t\t\t\t\t\t<span class=\"btn btn_transparent\">View<i class=\"ti ti-arrow-right\"><\/i><\/span>\n\t\t\t\t\t\t\t<\/div>\n\t\t\t\t\t\t<\/div>\n\t\t\t\t\t<\/a>\n      \t<\/div>   \n      \n     \n      \t<div class=\"man_woo_cat_item col-md-4 col col-sm-6 col-12\">\n      \t\t<a href=\"https:\/\/derbyboya.com\/ru\/product-category\/vejetal-deri-urunleri\/\" class=\"man_image_bck\" data-image=\"https:\/\/derbyboya.com\/wp-content\/uploads\/2020\/03\/Kategori-4-600x550.jpg\">\n      \t\t\t<span class=\"man_woo_cat_item_over\"><\/span>\n\t\t\t\t\t\t<div class=\"man_woo_cat_item_cont\">\n\t\t\t\t\t\t\t<h3 class=\"man_woo_cat_item_cont_name\">\u041f\u0440\u043e\u0434\u0443\u043a\u0446\u0438\u044f \u0434\u043b\u044f \u043a\u043e\u0436\u0438, \u0434\u0443\u0431\u043b\u0451\u043d\u043e\u0439 \u0440\u0430\u0441\u0442\u0438\u0442\u0435\u043b\u044c\u043d\u044b\u043c\u0438 \u0434\u0443\u0431\u0438\u043b\u044c\u043d\u044b\u043c\u0438 \u0432\u0435\u0449\u0435\u0441\u0442\u0432\u0430\u043c\u0438<\/h3>\n\t\t\t\t\t\t\t<div class=\"man_woo_cat_item_cont_an\">\n\t\t\t\t\t\t\t\t\t\n\t\t\t\t\t\t\t\t<span class=\"btn btn_transparent\">View<i class=\"ti ti-arrow-right\"><\/i><\/span>\n\t\t\t\t\t\t\t<\/div>\n\t\t\t\t\t\t<\/div>\n\t\t\t\t\t<\/a>\n      \t<\/div>   \n      \n     \n      \t<div class=\"man_woo_cat_item col-md-4 col col-sm-6 col-12\">\n      \t\t<a href=\"https:\/\/derbyboya.com\/ru\/product-category\/yardimci-malzemeler\/\" class=\"man_image_bck\" data-image=\"https:\/\/derbyboya.com\/wp-content\/uploads\/2020\/03\/Kategori-8-600x550.jpg\">\n      \t\t\t<span class=\"man_woo_cat_item_over\"><\/span>\n\t\t\t\t\t\t<div class=\"man_woo_cat_item_cont\">\n\t\t\t\t\t\t\t<h3 class=\"man_woo_cat_item_cont_name\">\u0412\u0441\u043f\u043e\u043c\u043e\u0433\u0430\u0442\u0435\u043b\u044c\u043d\u044b\u0435 \u043c\u0430\u0442\u0435\u0440\u0438\u0430\u043b\u044b<\/h3>\n\t\t\t\t\t\t\t<div class=\"man_woo_cat_item_cont_an\">\n\t\t\t\t\t\t\t\t\t\n\t\t\t\t\t\t\t\t<span class=\"btn btn_transparent\">View<i class=\"ti ti-arrow-right\"><\/i><\/span>\n\t\t\t\t\t\t\t<\/div>\n\t\t\t\t\t\t<\/div>\n\t\t\t\t\t<\/a>\n      \t<\/div>   \n      \n      \n\t\t<\/div> \n\n\t\t\t<\/div>\n\t\t\t\t<\/div>\n\t\t\t\t\t\t<\/div>\n\t\t\t\t\t<\/div>\n\t\t<\/div>\n\t\t\t\t\t\t\t\t<\/div>\n\t\t\t\t\t<\/div>\n\t\t<\/section>\n\t\t\t\t\t\t<\/div>\n\t\t\t\t\t\t<\/div>\n\t\t\t\t\t<\/div>","protected":false},"excerpt":{"rendered":"<p>Ayakkab\u0131 Finisaj Kimyasallar\u0131 View Deri Bak\u0131m ve Onar\u0131m \u00dcr\u00fcnleri View Deri Grubu View \u0130ste\u011fe G\u00f6re \u00d6zel \u00dcretim View&#8230;<\/p>","protected":false},"author":1,"featured_media":0,"parent":0,"menu_order":0,"comment_status":"closed","ping_status":"closed","template":"elementor_canvas","meta":[],"_links":{"self":[{"href":"https:\/\/derbyboya.com\/ru\/wp-json\/wp\/v2\/pages\/1263"}],"collection":[{"href":"https:\/\/derbyboya.com\/ru\/wp-json\/wp\/v2\/pages"}],"about":[{"href":"https:\/\/derbyboya.com\/ru\/wp-json\/wp\/v2\/types\/page"}],"author":[{"embeddable":true,"href":"https:\/\/derbyboya.com\/ru\/wp-json\/wp\/v2\/users\/1"}],"replies":[{"embeddable":true,"href":"https:\/\/derbyboya.com\/ru\/wp-json\/wp\/v2\/comments?post=1263"}],"version-history":[{"count":9,"href":"https:\/\/derbyboya.com\/ru\/wp-json\/wp\/v2\/pages\/1263\/revisions"}],"predecessor-version":[{"id":1695,"href":"https:\/\/derbyboya.com\/ru\/wp-json\/wp\/v2\/pages\/1263\/revisions\/1695"}],"wp:attachment":[{"href":"https:\/\/derbyboya.com\/ru\/wp-json\/wp\/v2\/media?parent=1263"}],"curies":[{"name":"wp","href":"https:\/\/api.w.org\/{rel}","templated":true}]}}