{"id":1585,"date":"2020-05-21T15:27:43","date_gmt":"2020-05-21T12:27:43","guid":{"rendered":"https:\/\/derbyboya.com\/?post_type=product&#038;p=1585"},"modified":"2020-08-11T22:16:59","modified_gmt":"2020-08-11T19:16:59","slug":"deri-tavlama-suyu","status":"publish","type":"product","link":"https:\/\/derbyboya.com\/ru\/product\/deri-tavlama-suyu\/","title":{"rendered":"\u0416\u0438\u0434\u043a\u043e\u0441\u0442\u044c \u0434\u043b\u044f \u0441\u043c\u044f\u0433\u0447\u0435\u043d\u0438\u044f \u043a\u043e\u0436\u0438"},"content":{"rendered":"<h4>\u041e\u0441\u043e\u0431\u0435\u043d\u043d\u043e\u0441\u0442\u0438 \u043f\u0440\u043e\u0434\u0443\u043a\u0442\u0430<\/h4>\n<p>\u041a\u043e\u0434 \u043f\u0440\u043e\u0434\u0443\u043a\u0442\u0430: DY 513<\/p>\n<p>\u041f\u0440\u0435\u043f\u044f\u0442\u0441\u0442\u0432\u0443\u0435\u0442 \u043e\u0431\u0440\u0430\u0437\u043e\u0432\u0430\u043d\u0438\u044e \u0442\u0440\u0435\u0449\u0438\u043d \u043f\u0440\u0438 \u0441\u0431\u043e\u0440\u043a\u0435 \u0438 \u0438\u0437\u0433\u043e\u0442\u043e\u0432\u043b\u0435\u043d\u0438\u0438 \u043e\u0431\u0443\u0432\u0438. \u041d\u0430\u043d\u043e\u0441\u0438\u0442\u0441\u044f \u043f\u0440\u0438 \u043f\u043e\u043c\u043e\u0449\u0438 \u0433\u0443\u0431\u043a\u0438 \u043d\u0430 \u043a\u043e\u0436\u0430\u043d\u0443\u044e \u043f\u043e\u0432\u0435\u0440\u0445\u043d\u043e\u0441\u0442\u044c \u0437\u0430\u0433\u043e\u0442\u043e\u0432\u043a\u0438 \u0432\u0435\u0440\u0445\u0430 \u043e\u0431\u0443\u0432\u0438.<\/p>\n<h4>\u0426\u0432\u0435\u0442\u0430<\/h4>\n<p>\u0421\u043f\u0440\u043e\u0441\u0438\u0442\u0435 \u0446\u0432\u0435\u0442\u0430.<\/p>\n<p><a style=\"color: #437310; text-decoration: underline;\" href=\"https:\/\/derbyboya.com\/wp-content\/uploads\/2020\/03\/kartela.jpg\">\u041d\u0430\u0436\u043c\u0438\u0442\u0435, \u0447\u0442\u043e\u0431\u044b \u0443\u0432\u0438\u0434\u0435\u0442\u044c \u0434\u0438\u0430\u0433\u0440\u0430\u043c\u043c\u0443 \u0446\u0432\u0435\u0442\u0430<\/a><\/p>\n<p>&nbsp;<\/p>\n<p><a class=\"btn btn_transparent\" style=\"color: #437310; border: 2px solid #437310;\" href=\"https:\/\/derbyboya.com\/ru\/contacts\/\">\u041d\u0430\u0436\u043c\u0438\u0442\u0435 \u0434\u043b\u044f \u043f\u043e\u0434\u0440\u043e\u0431\u043d\u043e\u0439 \u0438\u043d\u0444\u043e\u0440\u043c\u0430\u0446\u0438\u0438<\/a>\u00a0 \u00a0 \u00a0<a class=\"btn btn_transparent\" style=\"color: #437310; border: 2px solid #437310;\" href=\"#\">\u0421\u043a\u0430\u0447\u0430\u0442\u044c MSDS<\/a>\u00a0 \u00a0\u00a0\u00a0<a class=\"btn btn_transparent\" style=\"color: #437310; border: 2px solid #437310;\" href=\"#\">\u0421\u043a\u0430\u0447\u0430\u0442\u044c TDS<\/a><\/p>","protected":false},"excerpt":{"rendered":"<p>\u00dcr\u00fcn \u00d6zellikleri \u00dcr\u00fcn Kodu : DY 513 Ayakkab\u0131 imalat\u0131nda montede olu\u015fabilecek \u00e7atlamay\u0131 \u00f6nler. Saya halindeki deriye cilt taraf\u0131ndan&#8230;<\/p>","protected":false},"featured_media":1705,"template":"","meta":[],"product_cat":[34],"product_tag":[],"stm_brands":[],"_links":{"self":[{"href":"https:\/\/derbyboya.com\/ru\/wp-json\/wp\/v2\/product\/1585"}],"collection":[{"href":"https:\/\/derbyboya.com\/ru\/wp-json\/wp\/v2\/product"}],"about":[{"href":"https:\/\/derbyboya.com\/ru\/wp-json\/wp\/v2\/types\/product"}],"wp:featuredmedia":[{"embeddable":true,"href":"https:\/\/derbyboya.com\/ru\/wp-json\/wp\/v2\/media\/1705"}],"wp:attachment":[{"href":"https:\/\/derbyboya.com\/ru\/wp-json\/wp\/v2\/media?parent=1585"}],"wp:term":[{"taxonomy":"product_cat","embeddable":true,"href":"https:\/\/derbyboya.com\/ru\/wp-json\/wp\/v2\/product_cat?post=1585"},{"taxonomy":"product_tag","embeddable":true,"href":"https:\/\/derbyboya.com\/ru\/wp-json\/wp\/v2\/product_tag?post=1585"},{"taxonomy":"stm_brands","embeddable":true,"href":"https:\/\/derbyboya.com\/ru\/wp-json\/wp\/v2\/stm_brands?post=1585"}],"curies":[{"name":"wp","href":"https:\/\/api.w.org\/{rel}","templated":true}]}}