{"id":1586,"date":"2020-05-21T15:29:25","date_gmt":"2020-05-21T12:29:25","guid":{"rendered":"https:\/\/derbyboya.com\/?post_type=product&#038;p=1586"},"modified":"2020-08-11T19:30:39","modified_gmt":"2020-08-11T16:30:39","slug":"efekt-kremi","status":"publish","type":"product","link":"https:\/\/derbyboya.com\/ru\/product\/efekt-kremi\/","title":{"rendered":"\u041a\u0440\u0435\u043c-\u044d\u0444\u0444\u0435\u043a\u0442"},"content":{"rendered":"<h4>\u041e\u0441\u043e\u0431\u0435\u043d\u043d\u043e\u0441\u0442\u0438 \u043f\u0440\u043e\u0434\u0443\u043a\u0442\u0430<\/h4>\n<p>\u041a\u043e\u0434 \u043f\u0440\u043e\u0434\u0443\u043a\u0442\u0430 : \u0421\u0435\u0440\u0438\u044f DP<\/p>\n<p>\u041f\u043e\u0437\u0432\u043e\u043b\u044f\u0435\u0442 \u0441\u043e\u0437\u0434\u0430\u0442\u044c \u044d\u0444\u0444\u0435\u043a\u0442 \u0438 \u043e\u0431\u0435\u0441\u043f\u0435\u0447\u0438\u0432\u0430\u0435\u0442 \u0446\u0432\u0435\u0442\u043e\u0432\u043e\u0435 \u0442\u043e\u043d\u0438\u0440\u043e\u0432\u0430\u043d\u0438\u0435 \u043a\u043e\u0436\u0438 \u043a\u0440\u0430\u0441\u0442 \u0438 \u043a\u043e\u0436\u0438 \u0441 \u0444\u0438\u043d\u0438\u0448\u043d\u043e\u0439 \u043e\u0431\u0440\u0430\u0431\u043e\u0442\u043a\u043e\u0439.<\/p>\n<h4>\u0426\u0432\u0435\u0442\u0430<\/h4>\n<p>DP \u2013 1110 \t\t\u0427\u0435\u0440\u043d\u044b\u0439<\/p>\n<p>DP \u2013 1120\t\t\u041a\u043e\u0440\u0438\u0447\u043d\u0435\u0432\u044b\u0439<\/p>\n<p>DP \u2013 1125 \t\t\u0422\u0435\u043c\u043d\u043e-\u043a\u043e\u0440\u0438\u0447\u043d\u0435\u0432\u044b\u0439<\/p>\n<p>DP \u2013 1130 \t\t\u0422\u0430\u0431\u0430\u0447\u043d\u044b\u0439<\/p>\n<p>DP \u2013 1150 \t\t\u0422\u0435\u043c\u043d\u043e-\u0441\u0438\u043d\u0438\u0439<\/p>\n<p><a style=\"color: #437310; text-decoration: underline;\" href=\"https:\/\/derbyboya.com\/wp-content\/uploads\/2020\/03\/kartela.jpg\">\u041d\u0430\u0436\u043c\u0438\u0442\u0435, \u0447\u0442\u043e\u0431\u044b \u0443\u0432\u0438\u0434\u0435\u0442\u044c \u0434\u0438\u0430\u0433\u0440\u0430\u043c\u043c\u0443 \u0446\u0432\u0435\u0442\u0430<\/a><\/p>\n<p>&nbsp;<\/p>\n<p><a class=\"btn btn_transparent\" style=\"color: #437310; border: 2px solid #437310;\" href=\"https:\/\/derbyboya.com\/ru\/contacts\/\">\u041d\u0430\u0436\u043c\u0438\u0442\u0435 \u0434\u043b\u044f \u043f\u043e\u0434\u0440\u043e\u0431\u043d\u043e\u0439 \u0438\u043d\u0444\u043e\u0440\u043c\u0430\u0446\u0438\u0438<\/a>\u00a0 \u00a0 \u00a0<a class=\"btn btn_transparent\" style=\"color: #437310; border: 2px solid #437310;\" href=\"#\">\u0421\u043a\u0430\u0447\u0430\u0442\u044c MSDS<\/a>\u00a0 \u00a0\u00a0\u00a0<a class=\"btn btn_transparent\" style=\"color: #437310; border: 2px solid #437310;\" href=\"#\">\u0421\u043a\u0430\u0447\u0430\u0442\u044c TDS<\/a><\/p>","protected":false},"excerpt":{"rendered":"<p>\u00dcr\u00fcn \u00d6zellikleri \u00dcr\u00fcn Kodu : DP Serisi Krast ve finisajl\u0131 derilerde renk tonlamalar\u0131 ve efekt yapmay\u0131 sa\u011flar. Renkler&#8230;<\/p>","protected":false},"featured_media":1582,"template":"","meta":[],"product_cat":[34],"product_tag":[],"stm_brands":[],"_links":{"self":[{"href":"https:\/\/derbyboya.com\/ru\/wp-json\/wp\/v2\/product\/1586"}],"collection":[{"href":"https:\/\/derbyboya.com\/ru\/wp-json\/wp\/v2\/product"}],"about":[{"href":"https:\/\/derbyboya.com\/ru\/wp-json\/wp\/v2\/types\/product"}],"wp:featuredmedia":[{"embeddable":true,"href":"https:\/\/derbyboya.com\/ru\/wp-json\/wp\/v2\/media\/1582"}],"wp:attachment":[{"href":"https:\/\/derbyboya.com\/ru\/wp-json\/wp\/v2\/media?parent=1586"}],"wp:term":[{"taxonomy":"product_cat","embeddable":true,"href":"https:\/\/derbyboya.com\/ru\/wp-json\/wp\/v2\/product_cat?post=1586"},{"taxonomy":"product_tag","embeddable":true,"href":"https:\/\/derbyboya.com\/ru\/wp-json\/wp\/v2\/product_tag?post=1586"},{"taxonomy":"stm_brands","embeddable":true,"href":"https:\/\/derbyboya.com\/ru\/wp-json\/wp\/v2\/stm_brands?post=1586"}],"curies":[{"name":"wp","href":"https:\/\/api.w.org\/{rel}","templated":true}]}}