{"id":1635,"date":"2020-05-21T16:51:27","date_gmt":"2020-05-21T13:51:27","guid":{"rendered":"https:\/\/derbyboya.com\/?post_type=product&#038;p=1635"},"modified":"2020-08-11T19:42:59","modified_gmt":"2020-08-11T16:42:59","slug":"deri-arkasi-film-yapici","status":"publish","type":"product","link":"https:\/\/derbyboya.com\/ru\/product\/deri-arkasi-film-yapici\/","title":{"rendered":"\u041f\u043b\u0435\u043d\u043a\u043e\u043e\u0431\u0440\u0430\u0437\u043e\u0432\u0430\u0442\u0435\u043b\u044c \u0434\u043b\u044f \u0431\u0430\u0445\u0442\u0430\u0440\u043c\u044b"},"content":{"rendered":"<h4>\u041e\u0441\u043e\u0431\u0435\u043d\u043d\u043e\u0441\u0442\u0438 \u043f\u0440\u043e\u0434\u0443\u043a\u0442\u0430<\/h4>\n<p>\u041a\u043e\u0434 \u043f\u0440\u043e\u0434\u0443\u043a\u0442\u0430 : MAC \u2013 TRN<\/p>\n<p>\u041f\u043b\u0435\u043d\u043a\u043e\u043e\u0431\u0440\u0430\u0437\u043e\u0432\u0430\u0442\u0435\u043b\u044c \u0434\u043b\u044f \u0431\u0430\u0445\u0442\u0430\u0440\u043c\u044b, \u043f\u0440\u0435\u0434\u043d\u0430\u0437\u043d\u0430\u0447\u0435\u043d\u043d\u044b\u0439 \u0434\u043b\u044f \u043d\u0430\u0442\u0443\u0440\u0430\u043b\u044c\u043d\u043e\u0439 \u043a\u043e\u0436\u0438 \u0438 \u043f\u0440\u043e\u0434\u0443\u0431\u043b\u0435\u043d\u043d\u043e\u0439 \u0440\u0430\u0441\u0442\u0438\u0442\u0435\u043b\u044c\u043d\u044b\u043c\u0438 \u0434\u0443\u0431\u0438\u043b\u044c\u043d\u044b\u043c\u0438 \u0432\u0435\u0449\u0435\u0441\u0442\u0432\u0430\u043c\u0438 \u043a\u043e\u0436\u0438. \u041d\u0430\u043d\u043e\u0441\u0438\u0442\u0441\u044f \u043d\u0430 \u0431\u0430\u0445\u0442\u0430\u0440\u043c\u0443 \u043a\u043e\u0436\u0438 \u043f\u0440\u0438 \u043f\u043e\u043c\u043e\u0449\u0438 \u0449\u0435\u0442\u043a\u0438 \u0438\u043b\u0438 \u0432\u0430\u043b\u0438\u043a\u0430. \u041f\u043e\u0441\u043b\u0435 \u0432\u044b\u0441\u044b\u0445\u0430\u043d\u0438\u044f \u0441\u043b\u0435\u0434\u0443\u0435\u0442 \u0432\u044b\u043f\u043e\u043b\u043d\u0438\u0442\u044c \u0433\u043e\u0440\u044f\u0447\u0443\u044e \u043f\u0440\u0435\u0441\u0441\u043e\u0432\u043a\u0443.<\/p>\n<h4>\u0426\u0432\u0435\u0442\u0430<\/h4>\n<p>\u0421\u043f\u0440\u043e\u0441\u0438\u0442\u0435 \u0446\u0432\u0435\u0442\u0430.<\/p>\n<p><a style=\"color: #437310; text-decoration: underline;\" href=\"https:\/\/derbyboya.com\/wp-content\/uploads\/2020\/03\/kartela.jpg\">\u041d\u0430\u0436\u043c\u0438\u0442\u0435, \u0447\u0442\u043e\u0431\u044b \u0443\u0432\u0438\u0434\u0435\u0442\u044c \u0434\u0438\u0430\u0433\u0440\u0430\u043c\u043c\u0443 \u0446\u0432\u0435\u0442\u0430<\/a><\/p>\n<p>&nbsp;<\/p>\n<p><a class=\"btn btn_transparent\" style=\"color: #437310; border: 2px solid #437310;\" href=\"https:\/\/derbyboya.com\/ru\/contacts\/\">\u041d\u0430\u0436\u043c\u0438\u0442\u0435 \u0434\u043b\u044f \u043f\u043e\u0434\u0440\u043e\u0431\u043d\u043e\u0439 \u0438\u043d\u0444\u043e\u0440\u043c\u0430\u0446\u0438\u0438<\/a>\u00a0 \u00a0 \u00a0<a class=\"btn btn_transparent\" style=\"color: #437310; border: 2px solid #437310;\" href=\"#\">\u0421\u043a\u0430\u0447\u0430\u0442\u044c MSDS<\/a>\u00a0 \u00a0\u00a0\u00a0<a class=\"btn btn_transparent\" style=\"color: #437310; border: 2px solid #437310;\" href=\"#\">\u0421\u043a\u0430\u0447\u0430\u0442\u044c TDS<\/a><\/p>","protected":false},"excerpt":{"rendered":"<p>\u00dcr\u00fcn \u00d6zellikleri \u00dcr\u00fcn Kodu : MAC \u2013 TRN Vejetal ve ger\u00e7ek derilerde kullan\u0131lan deri arkas\u0131 film yap\u0131c\u0131d\u0131r. Derinin&#8230;<\/p>","protected":false},"featured_media":1582,"template":"","meta":[],"product_cat":[36],"product_tag":[],"stm_brands":[],"_links":{"self":[{"href":"https:\/\/derbyboya.com\/ru\/wp-json\/wp\/v2\/product\/1635"}],"collection":[{"href":"https:\/\/derbyboya.com\/ru\/wp-json\/wp\/v2\/product"}],"about":[{"href":"https:\/\/derbyboya.com\/ru\/wp-json\/wp\/v2\/types\/product"}],"wp:featuredmedia":[{"embeddable":true,"href":"https:\/\/derbyboya.com\/ru\/wp-json\/wp\/v2\/media\/1582"}],"wp:attachment":[{"href":"https:\/\/derbyboya.com\/ru\/wp-json\/wp\/v2\/media?parent=1635"}],"wp:term":[{"taxonomy":"product_cat","embeddable":true,"href":"https:\/\/derbyboya.com\/ru\/wp-json\/wp\/v2\/product_cat?post=1635"},{"taxonomy":"product_tag","embeddable":true,"href":"https:\/\/derbyboya.com\/ru\/wp-json\/wp\/v2\/product_tag?post=1635"},{"taxonomy":"stm_brands","embeddable":true,"href":"https:\/\/derbyboya.com\/ru\/wp-json\/wp\/v2\/stm_brands?post=1635"}],"curies":[{"name":"wp","href":"https:\/\/api.w.org\/{rel}","templated":true}]}}