{"id":1735,"date":"2020-08-12T01:54:40","date_gmt":"2020-08-11T22:54:40","guid":{"rendered":"https:\/\/derbyboya.com\/?post_type=product&#038;p=1735"},"modified":"2020-09-14T21:07:02","modified_gmt":"2020-09-14T18:07:02","slug":"sole-leather-bend","status":"publish","type":"product","link":"https:\/\/derbyboya.com\/ru\/product\/sole-leather-bend\/","title":{"rendered":"SOLE LEATHER BEND"},"content":{"rendered":"<h4>\u041e\u0441\u043e\u0431\u0435\u043d\u043d\u043e\u0441\u0442\u0438 \u043f\u0440\u043e\u0434\u0443\u043a\u0442\u0430<\/h4>\n<p>\u041f\u043e\u0434\u043e\u0448\u0432\u044b \u0437\u0430\u0433\u043e\u0440\u0435\u043b\u044b\u0435 \u0441 \u044d\u043a\u0441\u0442\u0440\u0430\u043a\u0442\u043e\u043c \u0442\u0440\u0430\u0432.<\/p>\n<p>\u0421\u044b\u0440\u044c\u0435\u043c \u044f\u0432\u043b\u044f\u0435\u0442\u0441\u044f \u043e\u0431\u043b\u0430\u0441\u0442\u044c \u043a\u0440\u043e\u043f\u043e\u043d \u0438\u0437 \u0442\u0435\u043b\u044f\u0447\u044c\u0435\u0439 \u043a\u043e\u0436\u0438.<\/p>\n<p>&nbsp;<\/p>\n<p>Sole Leather Bend Thickness<\/p>\n<p>3\u00a0\u00a0\u00a0 mm\u00a0\u00a0\u00a0\u00a0 &#8211;\u00a0 3,5\u00a0\u00a0 mm<\/p>\n<p>3,5 mm\u00a0\u00a0\u00a0\u00a0 &#8211;\u00a0\u00a0\u00a0 4\u00a0\u00a0\u00a0 mm<\/p>\n<p>4\u00a0\u00a0\u00a0 mm\u00a0\u00a0\u00a0\u00a0 &#8211;\u00a0\u00a0 4,5\u00a0 mm<\/p>\n<p>4,5 mm\u00a0\u00a0\u00a0\u00a0 &#8211;\u00a0\u00a0\u00a0 5\u00a0\u00a0\u00a0 mm<\/p>\n<p>5\u00a0\u00a0\u00a0 mm\u00a0\u00a0\u00a0\u00a0 &#8211;\u00a0\u00a0 5,5\u00a0 mm<\/p>\n<p>5,5 mm\u00a0\u00a0\u00a0\u00a0 &#8211;\u00a0\u00a0\u00a0 6\u00a0\u00a0\u00a0 mm<\/p>\n<p>6\u00a0\u00a0\u00a0 mm\u00a0\u00a0\u00a0\u00a0 &#8211;\u00a0\u00a0 6,5\u00a0 mm<\/p>\n<p>6,5 mm+++<\/p>\n<h4><\/h4>\n<h4>\u0426\u0432\u0435\u0442\u0430<\/h4>\n<p><a style=\"color: #437310; text-decoration: underline;\" href=\"https:\/\/derbyboya.com\/wp-content\/uploads\/2020\/03\/kartela.jpg\">\u041d\u0430\u0436\u043c\u0438\u0442\u0435, \u0447\u0442\u043e\u0431\u044b \u0443\u0432\u0438\u0434\u0435\u0442\u044c \u0434\u0438\u0430\u0433\u0440\u0430\u043c\u043c\u0443 \u0446\u0432\u0435\u0442\u0430<\/a><\/p>\n<p>&nbsp;<\/p>\n<p><a class=\"btn btn_transparent\" style=\"color: #437310; border: 2px solid #437310;\" href=\"https:\/\/derbyboya.com\/ru\/contacts\/\">\u041d\u0430\u0436\u043c\u0438\u0442\u0435 \u0434\u043b\u044f \u043f\u043e\u0434\u0440\u043e\u0431\u043d\u043e\u0439 \u0438\u043d\u0444\u043e\u0440\u043c\u0430\u0446\u0438\u0438<\/a>\u00a0 \u00a0 \u00a0<a class=\"btn btn_transparent\" style=\"color: #437310; border: 2px solid #437310;\" href=\"#\">\u0421\u043a\u0430\u0447\u0430\u0442\u044c MSDS<\/a>\u00a0 \u00a0\u00a0\u00a0<a class=\"btn btn_transparent\" style=\"color: #437310; border: 2px solid #437310;\" href=\"#\">\u0421\u043a\u0430\u0447\u0430\u0442\u044c TDS<\/a><\/p>","protected":false},"excerpt":{"rendered":"<p>\u00dcr\u00fcn \u00d6zellikleri Bitkisel \u00f6z\u00fct ile tabaklanm\u0131\u015f taban derisi. Hammadde olarak dana derisinin kropon b\u00f6lgesi kullan\u0131l\u0131r. &nbsp; Sole Leather&#8230;<\/p>","protected":false},"featured_media":1736,"template":"","meta":[],"product_cat":[41],"product_tag":[],"stm_brands":[],"_links":{"self":[{"href":"https:\/\/derbyboya.com\/ru\/wp-json\/wp\/v2\/product\/1735"}],"collection":[{"href":"https:\/\/derbyboya.com\/ru\/wp-json\/wp\/v2\/product"}],"about":[{"href":"https:\/\/derbyboya.com\/ru\/wp-json\/wp\/v2\/types\/product"}],"wp:featuredmedia":[{"embeddable":true,"href":"https:\/\/derbyboya.com\/ru\/wp-json\/wp\/v2\/media\/1736"}],"wp:attachment":[{"href":"https:\/\/derbyboya.com\/ru\/wp-json\/wp\/v2\/media?parent=1735"}],"wp:term":[{"taxonomy":"product_cat","embeddable":true,"href":"https:\/\/derbyboya.com\/ru\/wp-json\/wp\/v2\/product_cat?post=1735"},{"taxonomy":"product_tag","embeddable":true,"href":"https:\/\/derbyboya.com\/ru\/wp-json\/wp\/v2\/product_tag?post=1735"},{"taxonomy":"stm_brands","embeddable":true,"href":"https:\/\/derbyboya.com\/ru\/wp-json\/wp\/v2\/stm_brands?post=1735"}],"curies":[{"name":"wp","href":"https:\/\/api.w.org\/{rel}","templated":true}]}}