{"id":1741,"date":"2020-08-12T02:04:36","date_gmt":"2020-08-11T23:04:36","guid":{"rendered":"https:\/\/derbyboya.com\/?post_type=product&#038;p=1741"},"modified":"2020-09-14T21:21:31","modified_gmt":"2020-09-14T18:21:31","slug":"side-leather","status":"publish","type":"product","link":"https:\/\/derbyboya.com\/ru\/product\/side-leather\/","title":{"rendered":"\u0411\u041e\u041a\u041e\u0412\u0410\u042f \u041a\u041e\u0416\u0410"},"content":{"rendered":"<h4>\u041e\u0441\u043e\u0431\u0435\u043d\u043d\u043e\u0441\u0442\u0438 \u043f\u0440\u043e\u0434\u0443\u043a\u0442\u0430<\/h4>\n<p>\u042d\u0442\u043e \u0438\u0441\u043f\u043e\u043b\u044c\u0437\u0443\u0435\u0442\u0441\u044f \u0434\u043b\u044f \u0446\u0435\u043b\u044b\u0445 \u0441\u0443\u043c\u043e\u043a \u0438\u0437 \u0442\u0435\u043b\u044f\u0447\u044c\u0435\u0439 \u043a\u043e\u0436\u0438, \u043f\u043e\u044f\u0441\u043e\u0432 \u0438 \u043f\u0440\u043e\u0434\u0443\u043a\u0442\u043e\u0432 \u0441\u0430\u0440\u0440\u0430\u0441\u044b, \u0437\u0430\u0433\u043e\u0440\u0435\u043b\u044b\u0445 \u0441 \u043e\u0431\u0440\u0430\u0431\u043e\u0442\u043a\u043e\u0439 \u043e\u0432\u043e\u0449\u0435\u0439 \u043a\u0430\u043a \u043a\u043e\u0436\u0438\u0441\u0442\u044b\u0439.<\/p>\n<table width=\"500\">\n<tbody>\n<tr>\n<td><strong>\u041a\u043e\u0434<\/strong><\/td>\n<td style=\"    width: 80%;\"><strong>Sides(mm)<\/strong><\/td>\n<\/tr>\n<tr>\n<td>020<\/td>\n<td>1.2\/1.4<\/td>\n<\/tr>\n<tr>\n<td>021<\/td>\n<td>1.6\/1.8<\/td>\n<\/tr>\n<tr>\n<td>022<\/td>\n<td>1.8\/2.0<\/td>\n<\/tr>\n<tr>\n<td>023<\/td>\n<td>2.2\/2.4<\/td>\n<\/tr>\n<tr>\n<td>024<\/td>\n<td>2.8\/3.0<\/td>\n<\/tr>\n<tr>\n<td>025<\/td>\n<td>3.2\/3.4<\/td>\n<\/tr>\n<tr>\n<td>026<\/td>\n<td>3.4+<\/td>\n<\/tr>\n<\/tbody>\n<\/table>\n<p>&nbsp;<\/p>\n<h4>\u0426\u0432\u0435\u0442\u0430<\/h4>\n<p>Natural, Black, Tan and Brown (Main Colors)<\/p>\n<p><a style=\"color: #437310; text-decoration: underline;\" href=\"https:\/\/derbyboya.com\/wp-content\/uploads\/2020\/03\/kartela.jpg\">\u041d\u0430\u0436\u043c\u0438\u0442\u0435, \u0447\u0442\u043e\u0431\u044b \u0443\u0432\u0438\u0434\u0435\u0442\u044c \u0434\u0438\u0430\u0433\u0440\u0430\u043c\u043c\u0443 \u0446\u0432\u0435\u0442\u0430<\/a><\/p>\n<p>&nbsp;<\/p>\n<p><a class=\"btn btn_transparent\" style=\"color: #437310; border: 2px solid #437310;\" href=\"https:\/\/derbyboya.com\/ru\/contacts\/\">\u041d\u0430\u0436\u043c\u0438\u0442\u0435 \u0434\u043b\u044f \u043f\u043e\u0434\u0440\u043e\u0431\u043d\u043e\u0439 \u0438\u043d\u0444\u043e\u0440\u043c\u0430\u0446\u0438\u0438<\/a>\u00a0 \u00a0 \u00a0<a class=\"btn btn_transparent\" style=\"color: #437310; border: 2px solid #437310;\" href=\"#\">\u0421\u043a\u0430\u0447\u0430\u0442\u044c MSDS<\/a>\u00a0 \u00a0\u00a0\u00a0<a class=\"btn btn_transparent\" style=\"color: #437310; border: 2px solid #437310;\" href=\"#\">\u0421\u043a\u0430\u0447\u0430\u0442\u044c TDS<\/a><\/p>","protected":false},"excerpt":{"rendered":"<p>\u00dcr\u00fcn \u00d6zellikleri K\u00f6sele gibi bitkisel i\u015flenti ile tabaklanm\u0131\u015f b\u00fct\u00fcn dana derisi \u00e7anta, kemer ve sarraciye \u00fcr\u00fcnleri i\u00e7in kullan\u0131l\u0131r&#8230;.<\/p>","protected":false},"featured_media":1742,"template":"","meta":[],"product_cat":[41],"product_tag":[],"stm_brands":[],"_links":{"self":[{"href":"https:\/\/derbyboya.com\/ru\/wp-json\/wp\/v2\/product\/1741"}],"collection":[{"href":"https:\/\/derbyboya.com\/ru\/wp-json\/wp\/v2\/product"}],"about":[{"href":"https:\/\/derbyboya.com\/ru\/wp-json\/wp\/v2\/types\/product"}],"wp:featuredmedia":[{"embeddable":true,"href":"https:\/\/derbyboya.com\/ru\/wp-json\/wp\/v2\/media\/1742"}],"wp:attachment":[{"href":"https:\/\/derbyboya.com\/ru\/wp-json\/wp\/v2\/media?parent=1741"}],"wp:term":[{"taxonomy":"product_cat","embeddable":true,"href":"https:\/\/derbyboya.com\/ru\/wp-json\/wp\/v2\/product_cat?post=1741"},{"taxonomy":"product_tag","embeddable":true,"href":"https:\/\/derbyboya.com\/ru\/wp-json\/wp\/v2\/product_tag?post=1741"},{"taxonomy":"stm_brands","embeddable":true,"href":"https:\/\/derbyboya.com\/ru\/wp-json\/wp\/v2\/stm_brands?post=1741"}],"curies":[{"name":"wp","href":"https:\/\/api.w.org\/{rel}","templated":true}]}}