{"id":1753,"date":"2020-08-12T02:33:04","date_gmt":"2020-08-11T23:33:04","guid":{"rendered":"https:\/\/derbyboya.com\/?post_type=product&#038;p=1753"},"modified":"2020-08-12T02:40:52","modified_gmt":"2020-08-11T23:40:52","slug":"vejetal-deri-boyasi-su-bazli","status":"publish","type":"product","link":"https:\/\/derbyboya.com\/ru\/product\/vejetal-deri-boyasi-su-bazli\/","title":{"rendered":"\u041e\u0432\u043e\u0449\u043d\u0430\u044f \u043a\u0440\u0430\u0441\u043a\u0430 \u0434\u0443\u0431\u043b\u0435\u043d\u043e\u0439 \u043a\u043e\u0436\u0438 (\u043d\u0430 \u0432\u043e\u0434\u043d\u043e\u0439 \u043e\u0441\u043d\u043e\u0432\u0435)"},"content":{"rendered":"<h4>\u041e\u0441\u043e\u0431\u0435\u043d\u043d\u043e\u0441\u0442\u0438 \u043f\u0440\u043e\u0434\u0443\u043a\u0442\u0430<\/h4>\n<p>\u00dcr\u00fcn Kodu : Doledo WB<\/p>\n<p>Vejetal deri y\u00fczeyine ped, boya tabancas\u0131\u00a0 ya da dald\u0131rma tekni\u011fi ile uygulan\u0131r. Alkol bazl\u0131d\u0131r ve ev ortam\u0131nda \u00e7al\u0131\u015fmaya uygundur. \u00c7abuk kurur, do\u011fal bir g\u00f6r\u00fcn\u00fcm olu\u015fturur. Uygulama sonras\u0131\u00a0 Doledo-VP kullan\u0131lmas\u0131 \u00f6nerilmektedir. Katalog renkleri mevcuttur.<\/p>\n<h4>\u0426\u0432\u0435\u0442\u0430<\/h4>\n<p>JetBlack \u2013 Siyah<\/p>\n<p>Almond \u2013 Taba<\/p>\n<p>Mustang \u2013 Kahve<\/p>\n<p>Fairway \u2013 Ye\u015fil<\/p>\n<p>Salsa \u2013 K\u0131rm\u0131z\u0131<\/p>\n<p>Cobalt \u2013 Mavi<\/p>\n<p>Nugget \u2013 Sar\u0131<\/p>\n<p>Orange \u2013 Turuncu<\/p>\n<p>Cherry \u2013 Kiraz<\/p>\n<p>Burbon \u2013 Bordo<\/p>\n<p><a style=\"color: #437310; text-decoration: underline;\" href=\"https:\/\/derbyboya.com\/wp-content\/uploads\/2020\/03\/kartela.jpg\">\u041d\u0430\u0436\u043c\u0438\u0442\u0435, \u0447\u0442\u043e\u0431\u044b \u0443\u0432\u0438\u0434\u0435\u0442\u044c \u0434\u0438\u0430\u0433\u0440\u0430\u043c\u043c\u0443 \u0446\u0432\u0435\u0442\u0430<\/a><\/p>\n<p>&nbsp;<\/p>\n<p><a class=\"btn btn_transparent\" style=\"color: #437310; border: 2px solid #437310;\" href=\"https:\/\/derbyboya.com\/ru\/contacts\/\">\u041d\u0430\u0436\u043c\u0438\u0442\u0435 \u0434\u043b\u044f \u043f\u043e\u0434\u0440\u043e\u0431\u043d\u043e\u0439 \u0438\u043d\u0444\u043e\u0440\u043c\u0430\u0446\u0438\u0438<\/a>\u00a0 \u00a0 \u00a0<a class=\"btn btn_transparent\" style=\"color: #437310; border: 2px solid #437310;\" href=\"#\">\u0421\u043a\u0430\u0447\u0430\u0442\u044c MSDS<\/a>\u00a0 \u00a0\u00a0\u00a0<a class=\"btn btn_transparent\" style=\"color: #437310; border: 2px solid #437310;\" href=\"#\">\u0421\u043a\u0430\u0447\u0430\u0442\u044c TDS<\/a><\/p>","protected":false},"excerpt":{"rendered":"<p>\u00dcr\u00fcn \u00d6zellikleri \u00dcr\u00fcn Kodu : Doledo WB Vejetal deri y\u00fczeyine ped, boya tabancas\u0131\u00a0 ya da dald\u0131rma tekni\u011fi ile&#8230;<\/p>","protected":false},"featured_media":1582,"template":"","meta":[],"product_cat":[36],"product_tag":[],"stm_brands":[],"_links":{"self":[{"href":"https:\/\/derbyboya.com\/ru\/wp-json\/wp\/v2\/product\/1753"}],"collection":[{"href":"https:\/\/derbyboya.com\/ru\/wp-json\/wp\/v2\/product"}],"about":[{"href":"https:\/\/derbyboya.com\/ru\/wp-json\/wp\/v2\/types\/product"}],"wp:featuredmedia":[{"embeddable":true,"href":"https:\/\/derbyboya.com\/ru\/wp-json\/wp\/v2\/media\/1582"}],"wp:attachment":[{"href":"https:\/\/derbyboya.com\/ru\/wp-json\/wp\/v2\/media?parent=1753"}],"wp:term":[{"taxonomy":"product_cat","embeddable":true,"href":"https:\/\/derbyboya.com\/ru\/wp-json\/wp\/v2\/product_cat?post=1753"},{"taxonomy":"product_tag","embeddable":true,"href":"https:\/\/derbyboya.com\/ru\/wp-json\/wp\/v2\/product_tag?post=1753"},{"taxonomy":"stm_brands","embeddable":true,"href":"https:\/\/derbyboya.com\/ru\/wp-json\/wp\/v2\/stm_brands?post=1753"}],"curies":[{"name":"wp","href":"https:\/\/api.w.org\/{rel}","templated":true}]}}