{"id":1755,"date":"2020-08-12T02:36:31","date_gmt":"2020-08-11T23:36:31","guid":{"rendered":"https:\/\/derbyboya.com\/?post_type=product&#038;p=1755"},"modified":"2020-09-15T01:36:39","modified_gmt":"2020-09-14T22:36:39","slug":"vejetal-deri-yumusatma-ve-bakim-yagi","status":"publish","type":"product","link":"https:\/\/derbyboya.com\/ru\/product\/vejetal-deri-yumusatma-ve-bakim-yagi\/","title":{"rendered":"Vejetal Deri Yumu\u015fatma ve Bak\u0131m Ya\u011f\u0131"},"content":{"rendered":"<h4>\u041e\u0441\u043e\u0431\u0435\u043d\u043d\u043e\u0441\u0442\u0438 \u043f\u0440\u043e\u0434\u0443\u043a\u0442\u0430<\/h4>\n<p>\u00dcr\u00fcn Kodu : Doledo WB<\/p>\n<p>Vejetal deri y\u00fczeyine ped, boya tabancas\u0131\u00a0 ya da dald\u0131rma tekni\u011fi ile uygulan\u0131r. Profesyonel kullan\u0131c\u0131lara y\u00f6neliktir. Doledo WB\u2019ye g\u00f6re hasl\u0131klar\u0131 daha \u00fcst\u00fcnd\u00fcr.<\/p>\n<h4>\u0426\u0432\u0435\u0442\u0430<\/h4>\n<p><a style=\"color: #437310; text-decoration: underline;\" href=\"https:\/\/derbyboya.com\/wp-content\/uploads\/2020\/03\/kartela.jpg\">\u041d\u0430\u0436\u043c\u0438\u0442\u0435, \u0447\u0442\u043e\u0431\u044b \u0443\u0432\u0438\u0434\u0435\u0442\u044c \u0434\u0438\u0430\u0433\u0440\u0430\u043c\u043c\u0443 \u0446\u0432\u0435\u0442\u0430<\/a><\/p>\n<p>&nbsp;<\/p>\n<p><a class=\"btn btn_transparent\" style=\"color: #437310; border: 2px solid #437310;\" href=\"https:\/\/derbyboya.com\/ru\/contacts\/\">\u041d\u0430\u0436\u043c\u0438\u0442\u0435 \u0434\u043b\u044f \u043f\u043e\u0434\u0440\u043e\u0431\u043d\u043e\u0439 \u0438\u043d\u0444\u043e\u0440\u043c\u0430\u0446\u0438\u0438<\/a>\u00a0 \u00a0 \u00a0<a class=\"btn btn_transparent\" style=\"color: #437310; border: 2px solid #437310;\" href=\"#\">\u0421\u043a\u0430\u0447\u0430\u0442\u044c MSDS<\/a>\u00a0 \u00a0\u00a0\u00a0<a class=\"btn btn_transparent\" style=\"color: #437310; border: 2px solid #437310;\" href=\"#\">\u0421\u043a\u0430\u0447\u0430\u0442\u044c TDS<\/a><\/p>","protected":false},"excerpt":{"rendered":"<p>\u00dcr\u00fcn \u00d6zellikleri \u00dcr\u00fcn Kodu : Doledo WB Vejetal deri y\u00fczeyine ped, boya tabancas\u0131\u00a0 ya da dald\u0131rma tekni\u011fi ile&#8230;<\/p>","protected":false},"featured_media":1582,"template":"","meta":[],"product_cat":[36],"product_tag":[],"stm_brands":[],"_links":{"self":[{"href":"https:\/\/derbyboya.com\/ru\/wp-json\/wp\/v2\/product\/1755"}],"collection":[{"href":"https:\/\/derbyboya.com\/ru\/wp-json\/wp\/v2\/product"}],"about":[{"href":"https:\/\/derbyboya.com\/ru\/wp-json\/wp\/v2\/types\/product"}],"wp:featuredmedia":[{"embeddable":true,"href":"https:\/\/derbyboya.com\/ru\/wp-json\/wp\/v2\/media\/1582"}],"wp:attachment":[{"href":"https:\/\/derbyboya.com\/ru\/wp-json\/wp\/v2\/media?parent=1755"}],"wp:term":[{"taxonomy":"product_cat","embeddable":true,"href":"https:\/\/derbyboya.com\/ru\/wp-json\/wp\/v2\/product_cat?post=1755"},{"taxonomy":"product_tag","embeddable":true,"href":"https:\/\/derbyboya.com\/ru\/wp-json\/wp\/v2\/product_tag?post=1755"},{"taxonomy":"stm_brands","embeddable":true,"href":"https:\/\/derbyboya.com\/ru\/wp-json\/wp\/v2\/stm_brands?post=1755"}],"curies":[{"name":"wp","href":"https:\/\/api.w.org\/{rel}","templated":true}]}}